{"id":18279,"date":"2022-09-23T13:18:50","date_gmt":"2022-09-23T11:18:50","guid":{"rendered":"https:\/\/www.ciarus.com\/?page_id=18279"},"modified":"2025-03-26T13:39:27","modified_gmt":"2025-03-26T12:39:27","slug":"boutique","status":"publish","type":"page","link":"https:\/\/www.ciarus.com\/de\/ciarus\/boutique\/","title":{"rendered":"Boutique"},"content":{"rendered":"\t\t<div data-elementor-type=\"wp-page\" data-elementor-id=\"18279\" class=\"elementor elementor-18279\" data-elementor-post-type=\"page\">\n\t\t\t\t\t\t<section class=\"elementor-section elementor-top-section elementor-element elementor-element-45a632bf elementor-section-stretched elementor-section-content-middle elementor-section-height-min-height elementor-section-boxed elementor-section-height-default elementor-section-items-middle\" data-id=\"45a632bf\" data-element_type=\"section\" data-e-type=\"section\" data-settings=\"{&quot;stretch_section&quot;:&quot;section-stretched&quot;,&quot;background_background&quot;:&quot;classic&quot;,&quot;background_motion_fx_motion_fx_scrolling&quot;:&quot;yes&quot;,&quot;background_motion_fx_translateY_effect&quot;:&quot;yes&quot;,&quot;background_motion_fx_translateY_speed&quot;:{&quot;unit&quot;:&quot;px&quot;,&quot;size&quot;:4,&quot;sizes&quot;:[]},&quot;background_motion_fx_translateY_affectedRange&quot;:{&quot;unit&quot;:&quot;%&quot;,&quot;size&quot;:&quot;&quot;,&quot;sizes&quot;:{&quot;start&quot;:0,&quot;end&quot;:100}},&quot;background_motion_fx_devices&quot;:[&quot;desktop&quot;,&quot;tablet&quot;,&quot;mobile&quot;]}\">\n\t\t\t\t\t\t\t<div class=\"elementor-background-overlay\"><\/div>\n\t\t\t\t\t\t\t<div class=\"elementor-container elementor-column-gap-default\">\n\t\t\t\t\t<div class=\"elementor-column elementor-col-50 elementor-top-column elementor-element elementor-element-7ed7bcea\" data-id=\"7ed7bcea\" data-element_type=\"column\" data-e-type=\"column\">\n\t\t\t<div class=\"elementor-widget-wrap elementor-element-populated\">\n\t\t\t\t\t\t<div class=\"elementor-element elementor-element-3af9efd8 elementor-widget elementor-widget-heading\" data-id=\"3af9efd8\" data-element_type=\"widget\" data-e-type=\"widget\" data-widget_type=\"heading.default\">\n\t\t\t\t<div class=\"elementor-widget-container\">\n\t\t\t\t\t<h1 class=\"elementor-heading-title elementor-size-default\">BOUTIQUE<\/h1>\t\t\t\t<\/div>\n\t\t\t\t<\/div>\n\t\t\t\t\t<\/div>\n\t\t<\/div>\n\t\t\t\t<div class=\"elementor-column elementor-col-50 elementor-top-column elementor-element elementor-element-65a3b6a\" data-id=\"65a3b6a\" data-element_type=\"column\" data-e-type=\"column\">\n\t\t\t<div class=\"elementor-widget-wrap\">\n\t\t\t\t\t\t\t<\/div>\n\t\t<\/div>\n\t\t\t\t\t<\/div>\n\t\t<\/section>\n\t\t\t\t<section class=\"elementor-section elementor-top-section elementor-element elementor-element-dd37a4d elementor-section-stretched elementor-section-content-middle elementor-section-boxed elementor-section-height-default elementor-section-height-default\" data-id=\"dd37a4d\" data-element_type=\"section\" data-e-type=\"section\" data-settings=\"{&quot;stretch_section&quot;:&quot;section-stretched&quot;,&quot;background_background&quot;:&quot;classic&quot;}\">\n\t\t\t\t\t\t\t<div class=\"elementor-background-overlay\"><\/div>\n\t\t\t\t\t\t\t<div class=\"elementor-container elementor-column-gap-default\">\n\t\t\t\t\t<div class=\"elementor-column elementor-col-50 elementor-top-column elementor-element elementor-element-6e0ed4b\" data-id=\"6e0ed4b\" data-element_type=\"column\" data-e-type=\"column\">\n\t\t\t<div class=\"elementor-widget-wrap elementor-element-populated\">\n\t\t\t\t\t\t<div class=\"elementor-element elementor-element-eb9eeeb elementor-widget elementor-widget-heading\" data-id=\"eb9eeeb\" data-element_type=\"widget\" data-e-type=\"widget\" data-widget_type=\"heading.default\">\n\t\t\t\t<div class=\"elementor-widget-container\">\n\t\t\t\t\t<span class=\"elementor-heading-title elementor-size-default\">CIARUS<\/span>\t\t\t\t<\/div>\n\t\t\t\t<\/div>\n\t\t\t\t<div class=\"elementor-element elementor-element-6a2fa7d elementor-widget elementor-widget-heading\" data-id=\"6a2fa7d\" data-element_type=\"widget\" data-e-type=\"widget\" data-widget_type=\"heading.default\">\n\t\t\t\t<div class=\"elementor-widget-container\">\n\t\t\t\t\t<h2 class=\"elementor-heading-title elementor-size-default\">Ein Hauch von CIARUS \u2013 unsere Atmosph\u00e4re f\u00fcr Ihr <span style=\"color:#EB6909\">Zuhause<\/span><\/h2>\t\t\t\t<\/div>\n\t\t\t\t<\/div>\n\t\t\t\t<div class=\"elementor-element elementor-element-9083ce2 elementor-widget elementor-widget-heading\" data-id=\"9083ce2\" data-element_type=\"widget\" data-e-type=\"widget\" data-widget_type=\"heading.default\">\n\t\t\t\t<div class=\"elementor-widget-container\">\n\t\t\t\t\t<p class=\"elementor-heading-title elementor-size-default\">Lassen Sie den Zauber Ihres Aufenthalts nachklingen und die warme Atmosph\u00e4re noch einmal aufleben. Unsere erlesene Auswahl authentischer Produkte spiegelt den besonderen Geist dieses Ortes wider \u2013 ein Hauch von CIARUS f\u00fcr Ihr Zuhause.<\/p>\t\t\t\t<\/div>\n\t\t\t\t<\/div>\n\t\t\t\t<div class=\"elementor-element elementor-element-ec00562 elementor-align-left elementor-mobile-align-center elementor-hidden-desktop elementor-hidden-tablet elementor-hidden-mobile elementor-widget elementor-widget-button\" data-id=\"ec00562\" data-element_type=\"widget\" data-e-type=\"widget\" data-widget_type=\"button.default\">\n\t\t\t\t<div class=\"elementor-widget-container\">\n\t\t\t\t\t\t\t\t\t<div class=\"elementor-button-wrapper\">\n\t\t\t\t\t<a class=\"elementor-button elementor-button-link elementor-size-sm\" href=\"https:\/\/ciarus.com\/de\/ciarus\/vorstellung\/\">\n\t\t\t\t\t\t<span class=\"elementor-button-content-wrapper\">\n\t\t\t\t\t\t\t\t\t<span class=\"elementor-button-text\">ENTDECKEN<\/span>\n\t\t\t\t\t<\/span>\n\t\t\t\t\t<\/a>\n\t\t\t\t<\/div>\n\t\t\t\t\t\t\t\t<\/div>\n\t\t\t\t<\/div>\n\t\t\t\t\t<\/div>\n\t\t<\/div>\n\t\t\t\t<div class=\"elementor-column elementor-col-50 elementor-top-column elementor-element elementor-element-0f7cf4e\" data-id=\"0f7cf4e\" data-element_type=\"column\" data-e-type=\"column\">\n\t\t\t<div class=\"elementor-widget-wrap elementor-element-populated\">\n\t\t\t\t\t\t<div class=\"elementor-element elementor-element-eca3c01 elementor-widget elementor-widget-image\" data-id=\"eca3c01\" data-element_type=\"widget\" data-e-type=\"widget\" data-widget_type=\"image.default\">\n\t\t\t\t<div class=\"elementor-widget-container\">\n\t\t\t\t\t\t\t\t\t\t\t\t\t\t\t<img fetchpriority=\"high\" decoding=\"async\" width=\"1024\" height=\"963\" src=\"https:\/\/www.ciarus.com\/site\/wp-content\/uploads\/2022\/06\/montage-ciarus-bocaux.jpg\" class=\"attachment-large size-large wp-image-14095\" alt=\"GOURMETGL\u00c4SE ZUM MITNEHMEN\u200b\" srcset=\"https:\/\/www.ciarus.com\/site\/wp-content\/uploads\/2022\/06\/montage-ciarus-bocaux.jpg 1024w, https:\/\/www.ciarus.com\/site\/wp-content\/uploads\/2022\/06\/montage-ciarus-bocaux-600x564.jpg 600w, https:\/\/www.ciarus.com\/site\/wp-content\/uploads\/2022\/06\/montage-ciarus-bocaux-300x282.jpg 300w, https:\/\/www.ciarus.com\/site\/wp-content\/uploads\/2022\/06\/montage-ciarus-bocaux-768x722.jpg 768w\" sizes=\"(max-width: 1024px) 100vw, 1024px\" \/>\t\t\t\t\t\t\t\t\t\t\t\t\t\t\t<\/div>\n\t\t\t\t<\/div>\n\t\t\t\t\t<\/div>\n\t\t<\/div>\n\t\t\t\t\t<\/div>\n\t\t<\/section>\n\t\t\t\t<section class=\"elementor-section elementor-top-section elementor-element elementor-element-84b4019 elementor-section-boxed elementor-section-height-default elementor-section-height-default\" data-id=\"84b4019\" data-element_type=\"section\" data-e-type=\"section\">\n\t\t\t\t\t\t<div class=\"elementor-container elementor-column-gap-default\">\n\t\t\t\t\t<div class=\"elementor-column elementor-col-100 elementor-top-column elementor-element elementor-element-3a95d2b\" data-id=\"3a95d2b\" data-element_type=\"column\" data-e-type=\"column\">\n\t\t\t<div class=\"elementor-widget-wrap elementor-element-populated\">\n\t\t\t\t\t\t<div class=\"elementor-element elementor-element-f9757a8 elementor-widget elementor-widget-heading\" data-id=\"f9757a8\" data-element_type=\"widget\" data-e-type=\"widget\" data-widget_type=\"heading.default\">\n\t\t\t\t<div class=\"elementor-widget-container\">\n\t\t\t\t\t<h2 class=\"elementor-heading-title elementor-size-default\">Unsere Produkte <\/h2>\t\t\t\t<\/div>\n\t\t\t\t<\/div>\n\t\t\t\t\t<\/div>\n\t\t<\/div>\n\t\t\t\t\t<\/div>\n\t\t<\/section>\n\t\t\t\t<section class=\"elementor-section elementor-top-section elementor-element elementor-element-474e331 elementor-hidden-desktop elementor-hidden-tablet elementor-hidden-mobile elementor-section-boxed elementor-section-height-default elementor-section-height-default\" data-id=\"474e331\" data-element_type=\"section\" data-e-type=\"section\">\n\t\t\t\t\t\t<div class=\"elementor-container elementor-column-gap-default\">\n\t\t\t\t\t<div class=\"elementor-column elementor-col-100 elementor-top-column elementor-element elementor-element-32f194f\" data-id=\"32f194f\" data-element_type=\"column\" data-e-type=\"column\">\n\t\t\t<div class=\"elementor-widget-wrap elementor-element-populated\">\n\t\t\t\t\t\t<div class=\"elementor-element elementor-element-d86daf5 elementor-widget elementor-widget-heading\" data-id=\"d86daf5\" data-element_type=\"widget\" data-e-type=\"widget\" data-widget_type=\"heading.default\">\n\t\t\t\t<div class=\"elementor-widget-container\">\n\t\t\t\t\t<h2 class=\"elementor-heading-title elementor-size-default\">Saisonale Produkte<\/h2>\t\t\t\t<\/div>\n\t\t\t\t<\/div>\n\t\t\t\t\t<\/div>\n\t\t<\/div>\n\t\t\t\t\t<\/div>\n\t\t<\/section>\n\t\t\t\t<section class=\"elementor-section elementor-top-section elementor-element elementor-element-fed274e elementor-section-boxed elementor-section-height-default elementor-section-height-default\" data-id=\"fed274e\" data-element_type=\"section\" data-e-type=\"section\">\n\t\t\t\t\t\t<div class=\"elementor-container elementor-column-gap-default\">\n\t\t\t\t\t<div class=\"elementor-column elementor-col-100 elementor-top-column elementor-element elementor-element-507ef5b\" data-id=\"507ef5b\" data-element_type=\"column\" data-e-type=\"column\">\n\t\t\t<div class=\"elementor-widget-wrap elementor-element-populated\">\n\t\t\t\t\t\t<div class=\"elementor-element elementor-element-481947c elementor-widget elementor-widget-heading\" data-id=\"481947c\" data-element_type=\"widget\" data-e-type=\"widget\" data-widget_type=\"heading.default\">\n\t\t\t\t<div class=\"elementor-widget-container\">\n\t\t\t\t\t<h2 class=\"elementor-heading-title elementor-size-default\"><span style=\"color:#EB6909\">CIARUS<\/span> produkte<\/h2>\t\t\t\t<\/div>\n\t\t\t\t<\/div>\n\t\t\t\t\t<\/div>\n\t\t<\/div>\n\t\t\t\t\t<\/div>\n\t\t<\/section>\n\t\t\t\t<section class=\"elementor-section elementor-top-section elementor-element elementor-element-3f6bd66 elementor-section-full_width elementor-section-stretched elementor-section-height-default elementor-section-height-default\" data-id=\"3f6bd66\" data-element_type=\"section\" data-e-type=\"section\" data-settings=\"{&quot;stretch_section&quot;:&quot;section-stretched&quot;}\">\n\t\t\t\t\t\t<div class=\"elementor-container elementor-column-gap-default\">\n\t\t\t\t\t<div class=\"elementor-column elementor-col-100 elementor-top-column elementor-element elementor-element-f8be0d0\" data-id=\"f8be0d0\" data-element_type=\"column\" data-e-type=\"column\">\n\t\t\t<div class=\"elementor-widget-wrap elementor-element-populated\">\n\t\t\t\t\t\t<div class=\"elementor-element elementor-element-18785bb elementor-widget elementor-widget-google_maps\" data-id=\"18785bb\" data-element_type=\"widget\" data-e-type=\"widget\" data-widget_type=\"google_maps.default\">\n\t\t\t\t<div class=\"elementor-widget-container\">\n\t\t\t\t\t\t\t<div class=\"elementor-custom-embed\">\n\t\t\t<iframe loading=\"lazy\"\n\t\t\t\t\tsrc=\"https:\/\/maps.google.com\/maps?q=Ciarus%207%20rue%20Finkmatt%2067000%20Strasbourg&#038;t=m&#038;z=10&#038;output=embed&#038;iwloc=near\"\n\t\t\t\t\ttitle=\"Ciarus 7 rue Finkmatt 67000 Strasbourg\"\n\t\t\t\t\taria-label=\"Ciarus 7 rue Finkmatt 67000 Strasbourg\"\n\t\t\t><\/iframe>\n\t\t<\/div>\n\t\t\t\t\t\t<\/div>\n\t\t\t\t<\/div>\n\t\t\t\t\t<\/div>\n\t\t<\/div>\n\t\t\t\t\t<\/div>\n\t\t<\/section>\n\t\t\t\t<\/div>\n\t\t","protected":false},"excerpt":{"rendered":"<p>BOUTIQUE CIARUS Ein Hauch von CIARUS \u2013 unsere Atmosph\u00e4re f\u00fcr Ihr Zuhause Lassen Sie den Zauber Ihres Aufenthalts nachklingen und die warme Atmosph\u00e4re noch einmal aufleben. Unsere erlesene Auswahl authentischer Produkte spiegelt den besonderen Geist dieses Ortes wider \u2013 ein Hauch von CIARUS f\u00fcr Ihr Zuhause. ENTDECKEN Unsere Produkte Saisonale Produkte CIARUS produkte<\/p>\n","protected":false},"author":2,"featured_media":0,"parent":0,"menu_order":0,"comment_status":"closed","ping_status":"closed","template":"","meta":{"footnotes":""},"class_list":["post-18279","page","type-page","status-publish","hentry"],"yoast_head":"<!-- This site is optimized with the Yoast SEO plugin v27.4 - https:\/\/yoast.com\/product\/yoast-seo-wordpress\/ -->\n<title>Boutique des Ciarus: Souvenirs aus Stra\u00dfburg, Einmachgl\u00e4ser zum Mitnehmen<\/title>\n<meta name=\"description\" content=\"Das CIARUS \u2013 ein Haus der Gastlichkeit und der Kulinarik in Stra\u00dfburg. Lassen Sie sich von unserer erlesenen Auswahl an authentischen, typisch els\u00e4ssischen Spezialit\u00e4ten verf\u00fchren. Bestellen Sie bequem online und holen Sie sich den Geschmack des Elsass nach Hause.\" \/>\n<meta name=\"robots\" content=\"index, follow, max-snippet:-1, max-image-preview:large, max-video-preview:-1\" \/>\n<link rel=\"canonical\" href=\"https:\/\/www.ciarus.com\/de\/ciarus\/boutique\/\" \/>\n<meta property=\"og:locale\" content=\"de_DE\" \/>\n<meta property=\"og:type\" content=\"article\" \/>\n<meta property=\"og:title\" content=\"Boutique des Ciarus: Souvenirs aus Stra\u00dfburg, Einmachgl\u00e4ser zum Mitnehmen\" \/>\n<meta property=\"og:description\" content=\"Das CIARUS \u2013 ein Haus der Gastlichkeit und der Kulinarik in Stra\u00dfburg. Lassen Sie sich von unserer erlesenen Auswahl an authentischen, typisch els\u00e4ssischen Spezialit\u00e4ten verf\u00fchren. Bestellen Sie bequem online und holen Sie sich den Geschmack des Elsass nach Hause.\" \/>\n<meta property=\"og:url\" content=\"https:\/\/www.ciarus.com\/de\/ciarus\/boutique\/\" \/>\n<meta property=\"og:site_name\" content=\"Ciarus\" \/>\n<meta property=\"article:modified_time\" content=\"2025-03-26T12:39:27+00:00\" \/>\n<meta property=\"og:image\" content=\"https:\/\/www.ciarus.com\/site\/wp-content\/uploads\/2022\/06\/montage-ciarus-bocaux.jpg\" \/>\n\t<meta property=\"og:image:width\" content=\"1024\" \/>\n\t<meta property=\"og:image:height\" content=\"963\" \/>\n\t<meta property=\"og:image:type\" content=\"image\/jpeg\" \/>\n<meta name=\"twitter:card\" content=\"summary_large_image\" \/>\n<script type=\"application\/ld+json\" class=\"yoast-schema-graph\">{\"@context\":\"https:\\\/\\\/schema.org\",\"@graph\":[{\"@type\":\"WebPage\",\"@id\":\"https:\\\/\\\/www.ciarus.com\\\/de\\\/ciarus\\\/boutique\\\/\",\"url\":\"https:\\\/\\\/www.ciarus.com\\\/de\\\/ciarus\\\/boutique\\\/\",\"name\":\"Boutique des Ciarus: Souvenirs aus Stra\u00dfburg, Einmachgl\u00e4ser zum Mitnehmen\",\"isPartOf\":{\"@id\":\"https:\\\/\\\/www.ciarus.com\\\/de\\\/#website\"},\"primaryImageOfPage\":{\"@id\":\"https:\\\/\\\/www.ciarus.com\\\/de\\\/ciarus\\\/boutique\\\/#primaryimage\"},\"image\":{\"@id\":\"https:\\\/\\\/www.ciarus.com\\\/de\\\/ciarus\\\/boutique\\\/#primaryimage\"},\"thumbnailUrl\":\"https:\\\/\\\/www.ciarus.com\\\/site\\\/wp-content\\\/uploads\\\/2022\\\/06\\\/montage-ciarus-bocaux.jpg\",\"datePublished\":\"2022-09-23T11:18:50+00:00\",\"dateModified\":\"2025-03-26T12:39:27+00:00\",\"description\":\"Das CIARUS \u2013 ein Haus der Gastlichkeit und der Kulinarik in Stra\u00dfburg. Lassen Sie sich von unserer erlesenen Auswahl an authentischen, typisch els\u00e4ssischen Spezialit\u00e4ten verf\u00fchren. Bestellen Sie bequem online und holen Sie sich den Geschmack des Elsass nach Hause.\",\"breadcrumb\":{\"@id\":\"https:\\\/\\\/www.ciarus.com\\\/de\\\/ciarus\\\/boutique\\\/#breadcrumb\"},\"inLanguage\":\"de\",\"potentialAction\":[{\"@type\":\"ReadAction\",\"target\":[\"https:\\\/\\\/www.ciarus.com\\\/de\\\/ciarus\\\/boutique\\\/\"]}]},{\"@type\":\"ImageObject\",\"inLanguage\":\"de\",\"@id\":\"https:\\\/\\\/www.ciarus.com\\\/de\\\/ciarus\\\/boutique\\\/#primaryimage\",\"url\":\"https:\\\/\\\/www.ciarus.com\\\/site\\\/wp-content\\\/uploads\\\/2022\\\/06\\\/montage-ciarus-bocaux.jpg\",\"contentUrl\":\"https:\\\/\\\/www.ciarus.com\\\/site\\\/wp-content\\\/uploads\\\/2022\\\/06\\\/montage-ciarus-bocaux.jpg\"},{\"@type\":\"BreadcrumbList\",\"@id\":\"https:\\\/\\\/www.ciarus.com\\\/de\\\/ciarus\\\/boutique\\\/#breadcrumb\",\"itemListElement\":[{\"@type\":\"ListItem\",\"position\":1,\"name\":\"Accueil\",\"item\":\"https:\\\/\\\/www.ciarus.com\\\/de\\\/\"},{\"@type\":\"ListItem\",\"position\":2,\"name\":\"Boutique\"}]},{\"@type\":\"WebSite\",\"@id\":\"https:\\\/\\\/www.ciarus.com\\\/de\\\/#website\",\"url\":\"https:\\\/\\\/www.ciarus.com\\\/de\\\/\",\"name\":\"Ciarus\",\"description\":\"\",\"publisher\":{\"@id\":\"https:\\\/\\\/www.ciarus.com\\\/de\\\/#organization\"},\"potentialAction\":[{\"@type\":\"SearchAction\",\"target\":{\"@type\":\"EntryPoint\",\"urlTemplate\":\"https:\\\/\\\/www.ciarus.com\\\/de\\\/?s={search_term_string}\"},\"query-input\":{\"@type\":\"PropertyValueSpecification\",\"valueRequired\":true,\"valueName\":\"search_term_string\"}}],\"inLanguage\":\"de\"},{\"@type\":\"Organization\",\"@id\":\"https:\\\/\\\/www.ciarus.com\\\/de\\\/#organization\",\"name\":\"Ciarus\",\"url\":\"https:\\\/\\\/www.ciarus.com\\\/de\\\/\",\"logo\":{\"@type\":\"ImageObject\",\"inLanguage\":\"de\",\"@id\":\"https:\\\/\\\/www.ciarus.com\\\/de\\\/#\\\/schema\\\/logo\\\/image\\\/\",\"url\":\"https:\\\/\\\/medias-wordpress-offload.storage.googleapis.com\\\/ciarus.com\\\/2022\\\/05\\\/07122203\\\/LOGO-CIARUS-HOSTEL-BLANC.png\",\"contentUrl\":\"https:\\\/\\\/medias-wordpress-offload.storage.googleapis.com\\\/ciarus.com\\\/2022\\\/05\\\/07122203\\\/LOGO-CIARUS-HOSTEL-BLANC.png\",\"width\":2560,\"height\":1295,\"caption\":\"Ciarus\"},\"image\":{\"@id\":\"https:\\\/\\\/www.ciarus.com\\\/de\\\/#\\\/schema\\\/logo\\\/image\\\/\"}}]}<\/script>\n<!-- \/ Yoast SEO plugin. -->","yoast_head_json":{"title":"Boutique des Ciarus: Souvenirs aus Stra\u00dfburg, Einmachgl\u00e4ser zum Mitnehmen","description":"Das CIARUS \u2013 ein Haus der Gastlichkeit und der Kulinarik in Stra\u00dfburg. Lassen Sie sich von unserer erlesenen Auswahl an authentischen, typisch els\u00e4ssischen Spezialit\u00e4ten verf\u00fchren. Bestellen Sie bequem online und holen Sie sich den Geschmack des Elsass nach Hause.","robots":{"index":"index","follow":"follow","max-snippet":"max-snippet:-1","max-image-preview":"max-image-preview:large","max-video-preview":"max-video-preview:-1"},"canonical":"https:\/\/www.ciarus.com\/de\/ciarus\/boutique\/","og_locale":"de_DE","og_type":"article","og_title":"Boutique des Ciarus: Souvenirs aus Stra\u00dfburg, Einmachgl\u00e4ser zum Mitnehmen","og_description":"Das CIARUS \u2013 ein Haus der Gastlichkeit und der Kulinarik in Stra\u00dfburg. Lassen Sie sich von unserer erlesenen Auswahl an authentischen, typisch els\u00e4ssischen Spezialit\u00e4ten verf\u00fchren. Bestellen Sie bequem online und holen Sie sich den Geschmack des Elsass nach Hause.","og_url":"https:\/\/www.ciarus.com\/de\/ciarus\/boutique\/","og_site_name":"Ciarus","article_modified_time":"2025-03-26T12:39:27+00:00","og_image":[{"width":1024,"height":963,"url":"https:\/\/www.ciarus.com\/site\/wp-content\/uploads\/2022\/06\/montage-ciarus-bocaux.jpg","type":"image\/jpeg"}],"twitter_card":"summary_large_image","schema":{"@context":"https:\/\/schema.org","@graph":[{"@type":"WebPage","@id":"https:\/\/www.ciarus.com\/de\/ciarus\/boutique\/","url":"https:\/\/www.ciarus.com\/de\/ciarus\/boutique\/","name":"Boutique des Ciarus: Souvenirs aus Stra\u00dfburg, Einmachgl\u00e4ser zum Mitnehmen","isPartOf":{"@id":"https:\/\/www.ciarus.com\/de\/#website"},"primaryImageOfPage":{"@id":"https:\/\/www.ciarus.com\/de\/ciarus\/boutique\/#primaryimage"},"image":{"@id":"https:\/\/www.ciarus.com\/de\/ciarus\/boutique\/#primaryimage"},"thumbnailUrl":"https:\/\/www.ciarus.com\/site\/wp-content\/uploads\/2022\/06\/montage-ciarus-bocaux.jpg","datePublished":"2022-09-23T11:18:50+00:00","dateModified":"2025-03-26T12:39:27+00:00","description":"Das CIARUS \u2013 ein Haus der Gastlichkeit und der Kulinarik in Stra\u00dfburg. Lassen Sie sich von unserer erlesenen Auswahl an authentischen, typisch els\u00e4ssischen Spezialit\u00e4ten verf\u00fchren. Bestellen Sie bequem online und holen Sie sich den Geschmack des Elsass nach Hause.","breadcrumb":{"@id":"https:\/\/www.ciarus.com\/de\/ciarus\/boutique\/#breadcrumb"},"inLanguage":"de","potentialAction":[{"@type":"ReadAction","target":["https:\/\/www.ciarus.com\/de\/ciarus\/boutique\/"]}]},{"@type":"ImageObject","inLanguage":"de","@id":"https:\/\/www.ciarus.com\/de\/ciarus\/boutique\/#primaryimage","url":"https:\/\/www.ciarus.com\/site\/wp-content\/uploads\/2022\/06\/montage-ciarus-bocaux.jpg","contentUrl":"https:\/\/www.ciarus.com\/site\/wp-content\/uploads\/2022\/06\/montage-ciarus-bocaux.jpg"},{"@type":"BreadcrumbList","@id":"https:\/\/www.ciarus.com\/de\/ciarus\/boutique\/#breadcrumb","itemListElement":[{"@type":"ListItem","position":1,"name":"Accueil","item":"https:\/\/www.ciarus.com\/de\/"},{"@type":"ListItem","position":2,"name":"Boutique"}]},{"@type":"WebSite","@id":"https:\/\/www.ciarus.com\/de\/#website","url":"https:\/\/www.ciarus.com\/de\/","name":"Ciarus","description":"","publisher":{"@id":"https:\/\/www.ciarus.com\/de\/#organization"},"potentialAction":[{"@type":"SearchAction","target":{"@type":"EntryPoint","urlTemplate":"https:\/\/www.ciarus.com\/de\/?s={search_term_string}"},"query-input":{"@type":"PropertyValueSpecification","valueRequired":true,"valueName":"search_term_string"}}],"inLanguage":"de"},{"@type":"Organization","@id":"https:\/\/www.ciarus.com\/de\/#organization","name":"Ciarus","url":"https:\/\/www.ciarus.com\/de\/","logo":{"@type":"ImageObject","inLanguage":"de","@id":"https:\/\/www.ciarus.com\/de\/#\/schema\/logo\/image\/","url":"https:\/\/medias-wordpress-offload.storage.googleapis.com\/ciarus.com\/2022\/05\/07122203\/LOGO-CIARUS-HOSTEL-BLANC.png","contentUrl":"https:\/\/medias-wordpress-offload.storage.googleapis.com\/ciarus.com\/2022\/05\/07122203\/LOGO-CIARUS-HOSTEL-BLANC.png","width":2560,"height":1295,"caption":"Ciarus"},"image":{"@id":"https:\/\/www.ciarus.com\/de\/#\/schema\/logo\/image\/"}}]}},"_links":{"self":[{"href":"https:\/\/www.ciarus.com\/de\/wp-json\/wp\/v2\/pages\/18279","targetHints":{"allow":["GET"]}}],"collection":[{"href":"https:\/\/www.ciarus.com\/de\/wp-json\/wp\/v2\/pages"}],"about":[{"href":"https:\/\/www.ciarus.com\/de\/wp-json\/wp\/v2\/types\/page"}],"author":[{"embeddable":true,"href":"https:\/\/www.ciarus.com\/de\/wp-json\/wp\/v2\/users\/2"}],"replies":[{"embeddable":true,"href":"https:\/\/www.ciarus.com\/de\/wp-json\/wp\/v2\/comments?post=18279"}],"version-history":[{"count":5,"href":"https:\/\/www.ciarus.com\/de\/wp-json\/wp\/v2\/pages\/18279\/revisions"}],"predecessor-version":[{"id":31836,"href":"https:\/\/www.ciarus.com\/de\/wp-json\/wp\/v2\/pages\/18279\/revisions\/31836"}],"wp:attachment":[{"href":"https:\/\/www.ciarus.com\/de\/wp-json\/wp\/v2\/media?parent=18279"}],"curies":[{"name":"wp","href":"https:\/\/api.w.org\/{rel}","templated":true}]}}