{"id":19643,"date":"2022-10-10T16:05:54","date_gmt":"2022-10-10T14:05:54","guid":{"rendered":"https:\/\/www.ciarus.com\/?page_id=19643"},"modified":"2025-03-19T12:58:00","modified_gmt":"2025-03-19T11:58:00","slug":"anfrage-fuer-ein-hosting-angebot","status":"publish","type":"page","link":"https:\/\/www.ciarus.com\/de\/unterkunft\/anfrage-fur-ein-hosting-angebot\/","title":{"rendered":"Anfrage f\u00fcr ein Hosting-Angebot"},"content":{"rendered":"\t\t<div data-elementor-type=\"wp-page\" data-elementor-id=\"19643\" class=\"elementor elementor-19643\" data-elementor-post-type=\"page\">\n\t\t\t\t\t\t<section class=\"elementor-section elementor-top-section elementor-element elementor-element-45a632bf elementor-section-stretched elementor-section-content-middle elementor-section-height-min-height elementor-section-boxed elementor-section-height-default elementor-section-items-middle\" data-id=\"45a632bf\" data-element_type=\"section\" data-e-type=\"section\" data-settings=\"{&quot;stretch_section&quot;:&quot;section-stretched&quot;,&quot;background_background&quot;:&quot;classic&quot;}\">\n\t\t\t\t\t\t\t<div class=\"elementor-background-overlay\"><\/div>\n\t\t\t\t\t\t\t<div class=\"elementor-container elementor-column-gap-default\">\n\t\t\t\t\t<div class=\"elementor-column elementor-col-100 elementor-top-column elementor-element elementor-element-7ed7bcea\" data-id=\"7ed7bcea\" data-element_type=\"column\" data-e-type=\"column\">\n\t\t\t<div class=\"elementor-widget-wrap elementor-element-populated\">\n\t\t\t\t\t\t<div class=\"elementor-element elementor-element-3af9efd8 elementor-widget elementor-widget-heading\" data-id=\"3af9efd8\" data-element_type=\"widget\" data-e-type=\"widget\" data-widget_type=\"heading.default\">\n\t\t\t\t<div class=\"elementor-widget-container\">\n\t\t\t\t\t<h1 class=\"elementor-heading-title elementor-size-default\"><small><small><small><small><span style=\"color:#EB6909\">EIN NEO-HOSTEL<\/span><\/small><\/small><\/small><\/small><br>Anfrage f\u00fcr ein Hosting-Angebot<\/h1>\t\t\t\t<\/div>\n\t\t\t\t<\/div>\n\t\t\t\t\t<\/div>\n\t\t<\/div>\n\t\t\t\t\t<\/div>\n\t\t<\/section>\n\t\t\t\t<section class=\"elementor-section elementor-top-section elementor-element elementor-element-3970322c elementor-section-content-middle elementor-section-stretched elementor-section-boxed elementor-section-height-default elementor-section-height-default\" data-id=\"3970322c\" data-element_type=\"section\" data-e-type=\"section\" data-settings=\"{&quot;stretch_section&quot;:&quot;section-stretched&quot;,&quot;background_background&quot;:&quot;classic&quot;}\">\n\t\t\t\t\t\t\t<div class=\"elementor-background-overlay\"><\/div>\n\t\t\t\t\t\t\t<div class=\"elementor-container elementor-column-gap-default\">\n\t\t\t\t\t<div class=\"elementor-column elementor-col-100 elementor-top-column elementor-element elementor-element-6d748c45\" data-id=\"6d748c45\" data-element_type=\"column\" data-e-type=\"column\">\n\t\t\t<div class=\"elementor-widget-wrap elementor-element-populated\">\n\t\t\t\t\t\t<div class=\"elementor-element elementor-element-eb7ad54 elementor-widget elementor-widget-heading\" data-id=\"eb7ad54\" data-element_type=\"widget\" data-e-type=\"widget\" data-widget_type=\"heading.default\">\n\t\t\t\t<div class=\"elementor-widget-container\">\n\t\t\t\t\t<span class=\"elementor-heading-title elementor-size-default\">UNTERKUNFT<\/span>\t\t\t\t<\/div>\n\t\t\t\t<\/div>\n\t\t\t\t<section class=\"elementor-section elementor-inner-section elementor-element elementor-element-4128e0c elementor-section-full_width elementor-section-height-default elementor-section-height-default\" data-id=\"4128e0c\" data-element_type=\"section\" data-e-type=\"section\">\n\t\t\t\t\t\t<div class=\"elementor-container elementor-column-gap-default\">\n\t\t\t\t\t<div class=\"elementor-column elementor-col-100 elementor-inner-column elementor-element elementor-element-c0bc5fd\" data-id=\"c0bc5fd\" data-element_type=\"column\" data-e-type=\"column\">\n\t\t\t<div class=\"elementor-widget-wrap elementor-element-populated\">\n\t\t\t\t\t\t<div class=\"elementor-element elementor-element-2db5961 elementor-widget elementor-widget-text-editor\" data-id=\"2db5961\" data-element_type=\"widget\" data-e-type=\"widget\" data-widget_type=\"text-editor.default\">\n\t\t\t\t<div class=\"elementor-widget-container\">\n\t\t\t\t\t\t\t\t\t<p>\n<div class=\"wpcf7 no-js\" id=\"wpcf7-f19961-o1\" lang=\"fr-FR\" dir=\"ltr\" data-wpcf7-id=\"19961\">\n<div class=\"screen-reader-response\"><p role=\"status\" aria-live=\"polite\" aria-atomic=\"true\"><\/p> <ul><\/ul><\/div>\n<form action=\"\/de\/wp-json\/wp\/v2\/pages\/19643#wpcf7-f19961-o1\" method=\"post\" class=\"wpcf7-form init\" aria-label=\"Formulaire de contact\" novalidate=\"novalidate\" data-status=\"init\">\n<fieldset class=\"hidden-fields-container\"><input type=\"hidden\" name=\"_wpcf7\" value=\"19961\" \/><input type=\"hidden\" name=\"_wpcf7_version\" value=\"6.1.5\" \/><input type=\"hidden\" name=\"_wpcf7_locale\" value=\"fr_FR\" \/><input type=\"hidden\" name=\"_wpcf7_unit_tag\" value=\"wpcf7-f19961-o1\" \/><input type=\"hidden\" name=\"_wpcf7_container_post\" value=\"0\" \/><input type=\"hidden\" name=\"_wpcf7_posted_data_hash\" value=\"\" \/><input type=\"hidden\" name=\"_wpcf7_recaptcha_response\" value=\"\" \/>\n<\/fieldset>\n<p><label> Firma\/Stiftung :<br \/>\n<span class=\"wpcf7-form-control-wrap\" data-name=\"your-society\"><input size=\"40\" maxlength=\"400\" class=\"wpcf7-form-control wpcf7-text wpcf7-validates-as-required\" aria-required=\"true\" aria-invalid=\"false\" value=\"\" type=\"text\" name=\"your-society\" \/><\/span> <\/label>\n<\/p>\n<p><label> Name :<br \/>\n<span class=\"wpcf7-form-control-wrap\" data-name=\"your-name\"><input size=\"40\" maxlength=\"400\" class=\"wpcf7-form-control wpcf7-text wpcf7-validates-as-required\" aria-required=\"true\" aria-invalid=\"false\" value=\"\" type=\"text\" name=\"your-name\" \/><\/span> <\/label>\n<\/p>\n<p><label> Vorname :<br \/>\n<span class=\"wpcf7-form-control-wrap\" data-name=\"your-firstName\"><input size=\"40\" maxlength=\"400\" class=\"wpcf7-form-control wpcf7-text wpcf7-validates-as-required\" aria-required=\"true\" aria-invalid=\"false\" value=\"\" type=\"text\" name=\"your-firstName\" \/><\/span> <\/label>\n<\/p>\n<p><label> Gruppenname :<br \/>\n<span class=\"wpcf7-form-control-wrap\" data-name=\"name-group\"><input size=\"40\" maxlength=\"400\" class=\"wpcf7-form-control wpcf7-text wpcf7-validates-as-required\" aria-required=\"true\" aria-invalid=\"false\" value=\"\" type=\"text\" name=\"name-group\" \/><\/span> <\/label>\n<\/p>\n<p><label> Adresse :<br \/>\n<span class=\"wpcf7-form-control-wrap\" data-name=\"your-address\"><input size=\"40\" maxlength=\"400\" class=\"wpcf7-form-control wpcf7-text wpcf7-validates-as-required\" aria-required=\"true\" aria-invalid=\"false\" value=\"\" type=\"text\" name=\"your-address\" \/><\/span> <\/label>\n<\/p>\n<p><label> Postcode :<br \/>\n<span class=\"wpcf7-form-control-wrap\" data-name=\"your-postal-code\"><input size=\"40\" maxlength=\"400\" class=\"wpcf7-form-control wpcf7-text wpcf7-validates-as-required\" aria-required=\"true\" aria-invalid=\"false\" value=\"\" type=\"text\" name=\"your-postal-code\" \/><\/span> <\/label>\n<\/p>\n<p><label> Stadt :<br \/>\n<span class=\"wpcf7-form-control-wrap\" data-name=\"your-city\"><input size=\"40\" maxlength=\"400\" class=\"wpcf7-form-control wpcf7-text wpcf7-validates-as-required\" aria-required=\"true\" aria-invalid=\"false\" value=\"\" type=\"text\" name=\"your-city\" \/><\/span> <\/label>\n<\/p>\n<p><label> Land :<br \/>\n<span class=\"wpcf7-form-control-wrap\" data-name=\"your-country\"><input size=\"40\" maxlength=\"400\" class=\"wpcf7-form-control wpcf7-text wpcf7-validates-as-required\" aria-required=\"true\" aria-invalid=\"false\" value=\"\" type=\"text\" name=\"your-country\" \/><\/span> <\/label>\n<\/p>\n<p><label> Telefon :<br \/>\n<span class=\"wpcf7-form-control-wrap\" data-name=\"your-phone\"><input size=\"40\" maxlength=\"400\" class=\"wpcf7-form-control wpcf7-text wpcf7-validates-as-required\" aria-required=\"true\" aria-invalid=\"false\" value=\"\" type=\"text\" name=\"your-phone\" \/><\/span> <\/label>\n<\/p>\n<p><label> E-Mail :<br \/>\n<span class=\"wpcf7-form-control-wrap\" data-name=\"your-email\"><input size=\"40\" maxlength=\"400\" class=\"wpcf7-form-control wpcf7-email wpcf7-validates-as-required wpcf7-text wpcf7-validates-as-email\" aria-required=\"true\" aria-invalid=\"false\" value=\"\" type=\"email\" name=\"your-email\" \/><\/span> <\/label>\n<\/p>\n<p><label> Sprache :<br \/>\n<span class=\"wpcf7-form-control-wrap\" data-name=\"your-language\"><input size=\"40\" maxlength=\"400\" class=\"wpcf7-form-control wpcf7-text wpcf7-validates-as-required\" aria-required=\"true\" aria-invalid=\"false\" value=\"\" type=\"text\" name=\"your-language\" \/><\/span> <\/label>\n<\/p>\n<p><label> Anreise :<br \/>\n<span class=\"wpcf7-form-control-wrap\" data-name=\"your-arrival-date\"><input size=\"40\" maxlength=\"400\" class=\"wpcf7-form-control wpcf7-text wpcf7-validates-as-required\" aria-required=\"true\" aria-invalid=\"false\" value=\"\" type=\"text\" name=\"your-arrival-date\" \/><\/span> <\/label>\n<\/p>\n<p><label> Abreise :<br \/>\n<span class=\"wpcf7-form-control-wrap\" data-name=\"your-departure-date\"><input size=\"40\" maxlength=\"400\" class=\"wpcf7-form-control wpcf7-text wpcf7-validates-as-required\" aria-required=\"true\" aria-invalid=\"false\" value=\"\" type=\"text\" name=\"your-departure-date\" \/><\/span> <\/label>\n<\/p>\n<p><label> N\u00e4chte :<br \/>\n<span class=\"wpcf7-form-control-wrap\" data-name=\"number-nights\"><input size=\"40\" maxlength=\"400\" class=\"wpcf7-form-control wpcf7-text wpcf7-validates-as-required\" aria-required=\"true\" aria-invalid=\"false\" value=\"\" type=\"text\" name=\"number-nights\" \/><\/span> <\/label>\n<\/p>\n<p><label> Teilnehmer :<br \/>\n<span class=\"wpcf7-form-control-wrap\" data-name=\"number-people\"><input size=\"40\" maxlength=\"400\" class=\"wpcf7-form-control wpcf7-text wpcf7-validates-as-required\" aria-required=\"true\" aria-invalid=\"false\" value=\"\" type=\"text\" name=\"number-people\" \/><\/span> <\/label>\n<\/p>\n<p><label> Begleitperson :<br \/>\n<span class=\"wpcf7-form-control-wrap\" data-name=\"your-guide\"><input size=\"40\" maxlength=\"400\" class=\"wpcf7-form-control wpcf7-text wpcf7-validates-as-required\" aria-required=\"true\" aria-invalid=\"false\" value=\"\" type=\"text\" name=\"your-guide\" \/><\/span> <\/label>\n<\/p>\n<p><label> Fahrer :<br \/>\n<span class=\"wpcf7-form-control-wrap\" data-name=\"your-driver\"><input size=\"40\" maxlength=\"400\" class=\"wpcf7-form-control wpcf7-text wpcf7-validates-as-required\" aria-required=\"true\" aria-invalid=\"false\" value=\"\" type=\"text\" name=\"your-driver\" \/><\/span> <\/label>\n<\/p>\n<p><label> Alter :<br \/>\n<span class=\"wpcf7-form-control-wrap\" data-name=\"age-participants\"><input size=\"40\" maxlength=\"400\" class=\"wpcf7-form-control wpcf7-text wpcf7-validates-as-required\" aria-required=\"true\" aria-invalid=\"false\" value=\"\" type=\"text\" name=\"age-participants\" \/><\/span> <\/label>\n<\/p>\n<p><label> Nachricht :<br \/>\n<span class=\"wpcf7-form-control-wrap\" data-name=\"your-message\"><textarea cols=\"40\" rows=\"10\" maxlength=\"2000\" class=\"wpcf7-form-control wpcf7-textarea wpcf7-validates-as-required\" aria-required=\"true\" aria-invalid=\"false\" name=\"your-message\"><\/textarea><\/span> <\/label>\n<\/p>\n<p><label><span class=\"wpcf7-form-control-wrap\" data-name=\"acceptance-269\"><span class=\"wpcf7-form-control wpcf7-acceptance\"><span class=\"wpcf7-list-item\"><label><input type=\"checkbox\" name=\"acceptance-269\" value=\"1\" aria-invalid=\"false\" \/><span class=\"wpcf7-list-item-label\">Ich akzeptiere die <a href=\"\/politique-de-confidentialite\" target=\"_blank\">Datenschutzerkl\u00e4rung der Website<\/a><\/span><\/label><\/span><\/span><\/span><\/label>\n<\/p>\n<p><input class=\"wpcf7-form-control wpcf7-submit has-spinner elementor-button-link elementor-button elementor-size-sm\" type=\"submit\" value=\"Senden\" \/>\n<\/p><div class=\"wpcf7-response-output\" aria-hidden=\"true\"><\/div>\n<\/form>\n<\/div>\n<\/p>\t\t\t\t\t\t\t\t<\/div>\n\t\t\t\t<\/div>\n\t\t\t\t\t<\/div>\n\t\t<\/div>\n\t\t\t\t\t<\/div>\n\t\t<\/section>\n\t\t\t\t\t<\/div>\n\t\t<\/div>\n\t\t\t\t\t<\/div>\n\t\t<\/section>\n\t\t\t\t<section class=\"elementor-section elementor-top-section elementor-element elementor-element-cbf68fa elementor-section-full_width elementor-section-stretched elementor-section-height-default elementor-section-height-default\" data-id=\"cbf68fa\" data-element_type=\"section\" data-e-type=\"section\" data-settings=\"{&quot;stretch_section&quot;:&quot;section-stretched&quot;}\">\n\t\t\t\t\t\t<div class=\"elementor-container elementor-column-gap-default\">\n\t\t\t\t\t<div class=\"elementor-column elementor-col-100 elementor-top-column elementor-element elementor-element-2e33718\" data-id=\"2e33718\" data-element_type=\"column\" data-e-type=\"column\">\n\t\t\t<div class=\"elementor-widget-wrap elementor-element-populated\">\n\t\t\t\t\t\t<div class=\"elementor-element elementor-element-39f82db elementor-widget elementor-widget-google_maps\" data-id=\"39f82db\" data-element_type=\"widget\" data-e-type=\"widget\" data-widget_type=\"google_maps.default\">\n\t\t\t\t<div class=\"elementor-widget-container\">\n\t\t\t\t\t\t\t<div class=\"elementor-custom-embed\">\n\t\t\t<iframe loading=\"lazy\"\n\t\t\t\t\tsrc=\"https:\/\/maps.google.com\/maps?q=Ciarus%207%20rue%20Finkmatt%2067000%20Strasbourg&#038;t=m&#038;z=10&#038;output=embed&#038;iwloc=near\"\n\t\t\t\t\ttitle=\"Ciarus 7 rue Finkmatt 67000 Strasbourg\"\n\t\t\t\t\taria-label=\"Ciarus 7 rue Finkmatt 67000 Strasbourg\"\n\t\t\t><\/iframe>\n\t\t<\/div>\n\t\t\t\t\t\t<\/div>\n\t\t\t\t<\/div>\n\t\t\t\t\t<\/div>\n\t\t<\/div>\n\t\t\t\t\t<\/div>\n\t\t<\/section>\n\t\t\t\t<\/div>\n\t\t","protected":false},"excerpt":{"rendered":"<p>EIN NEO-HOSTELAnfrage f\u00fcr ein Hosting-Angebot UNTERKUNFT<\/p>\n","protected":false},"author":2,"featured_media":0,"parent":0,"menu_order":0,"comment_status":"closed","ping_status":"closed","template":"","meta":{"footnotes":""},"class_list":["post-19643","page","type-page","status-publish","hentry"],"yoast_head":"<!-- This site is optimized with the Yoast SEO plugin v27.5 - https:\/\/yoast.com\/product\/yoast-seo-wordpress\/ -->\n<title>Anfrage f\u00fcr ein Hosting-Angebot - Ciarus<\/title>\n<meta name=\"description\" content=\"Buchen Sie Ihre Gruppenunterkunft im CIARUS und erleben Sie einen einzigartigen Aufenthalt in Stra\u00dfburg. Genie\u00dfen Sie die Flexibilit\u00e4t einer Jugendherberge und den Komfort eines Hotels in einer au\u00dfergew\u00f6hnlichen Umgebung.\" \/>\n<meta name=\"robots\" content=\"index, follow, max-snippet:-1, max-image-preview:large, max-video-preview:-1\" \/>\n<link rel=\"canonical\" href=\"https:\/\/www.ciarus.com\/de\/unterkunft\/anfrage-fur-ein-hosting-angebot\/\" \/>\n<meta property=\"og:locale\" content=\"de_DE\" \/>\n<meta property=\"og:type\" content=\"article\" \/>\n<meta property=\"og:title\" content=\"Anfrage f\u00fcr ein Hosting-Angebot - Ciarus\" \/>\n<meta property=\"og:description\" content=\"Buchen Sie Ihre Gruppenunterkunft im CIARUS und erleben Sie einen einzigartigen Aufenthalt in Stra\u00dfburg. Genie\u00dfen Sie die Flexibilit\u00e4t einer Jugendherberge und den Komfort eines Hotels in einer au\u00dfergew\u00f6hnlichen Umgebung.\" \/>\n<meta property=\"og:url\" content=\"https:\/\/www.ciarus.com\/de\/unterkunft\/anfrage-fur-ein-hosting-angebot\/\" \/>\n<meta property=\"og:site_name\" content=\"Ciarus\" \/>\n<meta property=\"article:modified_time\" content=\"2025-03-19T11:58:00+00:00\" \/>\n<meta name=\"twitter:card\" content=\"summary_large_image\" \/>\n<script type=\"application\/ld+json\" class=\"yoast-schema-graph\">{\"@context\":\"https:\\\/\\\/schema.org\",\"@graph\":[{\"@type\":\"WebPage\",\"@id\":\"https:\\\/\\\/www.ciarus.com\\\/de\\\/unterkunft\\\/anfrage-fur-ein-hosting-angebot\\\/\",\"url\":\"https:\\\/\\\/www.ciarus.com\\\/de\\\/unterkunft\\\/anfrage-fur-ein-hosting-angebot\\\/\",\"name\":\"Anfrage f\u00fcr ein Hosting-Angebot - Ciarus\",\"isPartOf\":{\"@id\":\"https:\\\/\\\/www.ciarus.com\\\/de\\\/#website\"},\"datePublished\":\"2022-10-10T14:05:54+00:00\",\"dateModified\":\"2025-03-19T11:58:00+00:00\",\"description\":\"Buchen Sie Ihre Gruppenunterkunft im CIARUS und erleben Sie einen einzigartigen Aufenthalt in Stra\u00dfburg. Genie\u00dfen Sie die Flexibilit\u00e4t einer Jugendherberge und den Komfort eines Hotels in einer au\u00dfergew\u00f6hnlichen Umgebung.\",\"breadcrumb\":{\"@id\":\"https:\\\/\\\/www.ciarus.com\\\/de\\\/unterkunft\\\/anfrage-fur-ein-hosting-angebot\\\/#breadcrumb\"},\"inLanguage\":\"de\",\"potentialAction\":[{\"@type\":\"ReadAction\",\"target\":[\"https:\\\/\\\/www.ciarus.com\\\/de\\\/unterkunft\\\/anfrage-fur-ein-hosting-angebot\\\/\"]}]},{\"@type\":\"BreadcrumbList\",\"@id\":\"https:\\\/\\\/www.ciarus.com\\\/de\\\/unterkunft\\\/anfrage-fur-ein-hosting-angebot\\\/#breadcrumb\",\"itemListElement\":[{\"@type\":\"ListItem\",\"position\":1,\"name\":\"Accueil\",\"item\":\"https:\\\/\\\/www.ciarus.com\\\/de\\\/\"},{\"@type\":\"ListItem\",\"position\":2,\"name\":\"Anfrage f\u00fcr ein Hosting-Angebot\"}]},{\"@type\":\"WebSite\",\"@id\":\"https:\\\/\\\/www.ciarus.com\\\/de\\\/#website\",\"url\":\"https:\\\/\\\/www.ciarus.com\\\/de\\\/\",\"name\":\"Ciarus\",\"description\":\"\",\"publisher\":{\"@id\":\"https:\\\/\\\/www.ciarus.com\\\/de\\\/#organization\"},\"potentialAction\":[{\"@type\":\"SearchAction\",\"target\":{\"@type\":\"EntryPoint\",\"urlTemplate\":\"https:\\\/\\\/www.ciarus.com\\\/de\\\/?s={search_term_string}\"},\"query-input\":{\"@type\":\"PropertyValueSpecification\",\"valueRequired\":true,\"valueName\":\"search_term_string\"}}],\"inLanguage\":\"de\"},{\"@type\":\"Organization\",\"@id\":\"https:\\\/\\\/www.ciarus.com\\\/de\\\/#organization\",\"name\":\"Ciarus\",\"url\":\"https:\\\/\\\/www.ciarus.com\\\/de\\\/\",\"logo\":{\"@type\":\"ImageObject\",\"inLanguage\":\"de\",\"@id\":\"https:\\\/\\\/www.ciarus.com\\\/de\\\/#\\\/schema\\\/logo\\\/image\\\/\",\"url\":\"https:\\\/\\\/medias-wordpress-offload.storage.googleapis.com\\\/ciarus.com\\\/2022\\\/05\\\/07122203\\\/LOGO-CIARUS-HOSTEL-BLANC.png\",\"contentUrl\":\"https:\\\/\\\/medias-wordpress-offload.storage.googleapis.com\\\/ciarus.com\\\/2022\\\/05\\\/07122203\\\/LOGO-CIARUS-HOSTEL-BLANC.png\",\"width\":2560,\"height\":1295,\"caption\":\"Ciarus\"},\"image\":{\"@id\":\"https:\\\/\\\/www.ciarus.com\\\/de\\\/#\\\/schema\\\/logo\\\/image\\\/\"}}]}<\/script>\n<!-- \/ Yoast SEO plugin. -->","yoast_head_json":{"title":"Anfrage f\u00fcr ein Hosting-Angebot - Ciarus","description":"Buchen Sie Ihre Gruppenunterkunft im CIARUS und erleben Sie einen einzigartigen Aufenthalt in Stra\u00dfburg. Genie\u00dfen Sie die Flexibilit\u00e4t einer Jugendherberge und den Komfort eines Hotels in einer au\u00dfergew\u00f6hnlichen Umgebung.","robots":{"index":"index","follow":"follow","max-snippet":"max-snippet:-1","max-image-preview":"max-image-preview:large","max-video-preview":"max-video-preview:-1"},"canonical":"https:\/\/www.ciarus.com\/de\/unterkunft\/anfrage-fur-ein-hosting-angebot\/","og_locale":"de_DE","og_type":"article","og_title":"Anfrage f\u00fcr ein Hosting-Angebot - Ciarus","og_description":"Buchen Sie Ihre Gruppenunterkunft im CIARUS und erleben Sie einen einzigartigen Aufenthalt in Stra\u00dfburg. Genie\u00dfen Sie die Flexibilit\u00e4t einer Jugendherberge und den Komfort eines Hotels in einer au\u00dfergew\u00f6hnlichen Umgebung.","og_url":"https:\/\/www.ciarus.com\/de\/unterkunft\/anfrage-fur-ein-hosting-angebot\/","og_site_name":"Ciarus","article_modified_time":"2025-03-19T11:58:00+00:00","twitter_card":"summary_large_image","schema":{"@context":"https:\/\/schema.org","@graph":[{"@type":"WebPage","@id":"https:\/\/www.ciarus.com\/de\/unterkunft\/anfrage-fur-ein-hosting-angebot\/","url":"https:\/\/www.ciarus.com\/de\/unterkunft\/anfrage-fur-ein-hosting-angebot\/","name":"Anfrage f\u00fcr ein Hosting-Angebot - Ciarus","isPartOf":{"@id":"https:\/\/www.ciarus.com\/de\/#website"},"datePublished":"2022-10-10T14:05:54+00:00","dateModified":"2025-03-19T11:58:00+00:00","description":"Buchen Sie Ihre Gruppenunterkunft im CIARUS und erleben Sie einen einzigartigen Aufenthalt in Stra\u00dfburg. Genie\u00dfen Sie die Flexibilit\u00e4t einer Jugendherberge und den Komfort eines Hotels in einer au\u00dfergew\u00f6hnlichen Umgebung.","breadcrumb":{"@id":"https:\/\/www.ciarus.com\/de\/unterkunft\/anfrage-fur-ein-hosting-angebot\/#breadcrumb"},"inLanguage":"de","potentialAction":[{"@type":"ReadAction","target":["https:\/\/www.ciarus.com\/de\/unterkunft\/anfrage-fur-ein-hosting-angebot\/"]}]},{"@type":"BreadcrumbList","@id":"https:\/\/www.ciarus.com\/de\/unterkunft\/anfrage-fur-ein-hosting-angebot\/#breadcrumb","itemListElement":[{"@type":"ListItem","position":1,"name":"Accueil","item":"https:\/\/www.ciarus.com\/de\/"},{"@type":"ListItem","position":2,"name":"Anfrage f\u00fcr ein Hosting-Angebot"}]},{"@type":"WebSite","@id":"https:\/\/www.ciarus.com\/de\/#website","url":"https:\/\/www.ciarus.com\/de\/","name":"Ciarus","description":"","publisher":{"@id":"https:\/\/www.ciarus.com\/de\/#organization"},"potentialAction":[{"@type":"SearchAction","target":{"@type":"EntryPoint","urlTemplate":"https:\/\/www.ciarus.com\/de\/?s={search_term_string}"},"query-input":{"@type":"PropertyValueSpecification","valueRequired":true,"valueName":"search_term_string"}}],"inLanguage":"de"},{"@type":"Organization","@id":"https:\/\/www.ciarus.com\/de\/#organization","name":"Ciarus","url":"https:\/\/www.ciarus.com\/de\/","logo":{"@type":"ImageObject","inLanguage":"de","@id":"https:\/\/www.ciarus.com\/de\/#\/schema\/logo\/image\/","url":"https:\/\/medias-wordpress-offload.storage.googleapis.com\/ciarus.com\/2022\/05\/07122203\/LOGO-CIARUS-HOSTEL-BLANC.png","contentUrl":"https:\/\/medias-wordpress-offload.storage.googleapis.com\/ciarus.com\/2022\/05\/07122203\/LOGO-CIARUS-HOSTEL-BLANC.png","width":2560,"height":1295,"caption":"Ciarus"},"image":{"@id":"https:\/\/www.ciarus.com\/de\/#\/schema\/logo\/image\/"}}]}},"_links":{"self":[{"href":"https:\/\/www.ciarus.com\/de\/wp-json\/wp\/v2\/pages\/19643","targetHints":{"allow":["GET"]}}],"collection":[{"href":"https:\/\/www.ciarus.com\/de\/wp-json\/wp\/v2\/pages"}],"about":[{"href":"https:\/\/www.ciarus.com\/de\/wp-json\/wp\/v2\/types\/page"}],"author":[{"embeddable":true,"href":"https:\/\/www.ciarus.com\/de\/wp-json\/wp\/v2\/users\/2"}],"replies":[{"embeddable":true,"href":"https:\/\/www.ciarus.com\/de\/wp-json\/wp\/v2\/comments?post=19643"}],"version-history":[{"count":3,"href":"https:\/\/www.ciarus.com\/de\/wp-json\/wp\/v2\/pages\/19643\/revisions"}],"predecessor-version":[{"id":30694,"href":"https:\/\/www.ciarus.com\/de\/wp-json\/wp\/v2\/pages\/19643\/revisions\/30694"}],"wp:attachment":[{"href":"https:\/\/www.ciarus.com\/de\/wp-json\/wp\/v2\/media?parent=19643"}],"curies":[{"name":"wp","href":"https:\/\/api.w.org\/{rel}","templated":true}]}}