{"id":9472,"date":"2022-05-25T18:46:03","date_gmt":"2022-05-25T16:46:03","guid":{"rendered":"https:\/\/www.ciarus.com\/?page_id=9472"},"modified":"2025-03-26T13:35:36","modified_gmt":"2025-03-26T12:35:36","slug":"stellenausschreibungen","status":"publish","type":"page","link":"https:\/\/www.ciarus.com\/de\/ciarus\/stellenausschreibungen\/","title":{"rendered":"Stellenausschreibungen"},"content":{"rendered":"\t\t<div data-elementor-type=\"wp-page\" data-elementor-id=\"9472\" class=\"elementor elementor-9472\" data-elementor-post-type=\"page\">\n\t\t\t\t\t\t<section class=\"elementor-section elementor-top-section elementor-element elementor-element-d9f9690 elementor-section-stretched elementor-section-content-middle elementor-section-height-min-height elementor-section-boxed elementor-section-height-default elementor-section-items-middle\" data-id=\"d9f9690\" data-element_type=\"section\" data-e-type=\"section\" data-settings=\"{&quot;stretch_section&quot;:&quot;section-stretched&quot;,&quot;background_background&quot;:&quot;classic&quot;,&quot;background_motion_fx_motion_fx_scrolling&quot;:&quot;yes&quot;,&quot;background_motion_fx_translateY_effect&quot;:&quot;yes&quot;,&quot;background_motion_fx_translateY_speed&quot;:{&quot;unit&quot;:&quot;px&quot;,&quot;size&quot;:4,&quot;sizes&quot;:[]},&quot;background_motion_fx_translateY_affectedRange&quot;:{&quot;unit&quot;:&quot;%&quot;,&quot;size&quot;:&quot;&quot;,&quot;sizes&quot;:{&quot;start&quot;:0,&quot;end&quot;:100}},&quot;background_motion_fx_devices&quot;:[&quot;desktop&quot;,&quot;tablet&quot;,&quot;mobile&quot;]}\">\n\t\t\t\t\t\t\t<div class=\"elementor-background-overlay\"><\/div>\n\t\t\t\t\t\t\t<div class=\"elementor-container elementor-column-gap-default\">\n\t\t\t\t\t<div class=\"elementor-column elementor-col-50 elementor-top-column elementor-element elementor-element-1d4a79c\" data-id=\"1d4a79c\" data-element_type=\"column\" data-e-type=\"column\">\n\t\t\t<div class=\"elementor-widget-wrap elementor-element-populated\">\n\t\t\t\t\t\t<div class=\"elementor-element elementor-element-3bcbb3f elementor-widget elementor-widget-heading\" data-id=\"3bcbb3f\" data-element_type=\"widget\" data-e-type=\"widget\" data-widget_type=\"heading.default\">\n\t\t\t\t<div class=\"elementor-widget-container\">\n\t\t\t\t\t<h1 class=\"elementor-heading-title elementor-size-default\">GESTALTEN SIE MIT UNS UNVERGESSLICHE <span style=\"color:#EB6909\">KUNDENERLEBNISSE<\/span> !<\/h1>\t\t\t\t<\/div>\n\t\t\t\t<\/div>\n\t\t\t\t\t<\/div>\n\t\t<\/div>\n\t\t\t\t<div class=\"elementor-column elementor-col-50 elementor-top-column elementor-element elementor-element-ee4f499 elementor-hidden-mobile\" data-id=\"ee4f499\" data-element_type=\"column\" data-e-type=\"column\">\n\t\t\t<div class=\"elementor-widget-wrap\">\n\t\t\t\t\t\t\t<\/div>\n\t\t<\/div>\n\t\t\t\t\t<\/div>\n\t\t<\/section>\n\t\t\t\t<section class=\"elementor-section elementor-top-section elementor-element elementor-element-54f9aaa elementor-section-content-middle elementor-section-stretched elementor-section-boxed elementor-section-height-default elementor-section-height-default\" data-id=\"54f9aaa\" data-element_type=\"section\" data-e-type=\"section\" data-settings=\"{&quot;stretch_section&quot;:&quot;section-stretched&quot;,&quot;background_background&quot;:&quot;classic&quot;}\">\n\t\t\t\t\t\t\t<div class=\"elementor-background-overlay\"><\/div>\n\t\t\t\t\t\t\t<div class=\"elementor-container elementor-column-gap-default\">\n\t\t\t\t\t<div class=\"elementor-column elementor-col-50 elementor-top-column elementor-element elementor-element-884be35\" data-id=\"884be35\" data-element_type=\"column\" data-e-type=\"column\">\n\t\t\t<div class=\"elementor-widget-wrap elementor-element-populated\">\n\t\t\t\t\t\t<div class=\"elementor-element elementor-element-fd7324f elementor-widget elementor-widget-heading\" data-id=\"fd7324f\" data-element_type=\"widget\" data-e-type=\"widget\" data-widget_type=\"heading.default\">\n\t\t\t\t<div class=\"elementor-widget-container\">\n\t\t\t\t\t<span class=\"elementor-heading-title elementor-size-small\"><i>\"Im CIARUS sind wir \u00fcberzeugt, dass talentierte und engagierte Mitarbeiter der Schl\u00fcssel zum <span style=\"color:#EB6909\">Erfolg<\/span> sind.\"<\/i><\/span>\t\t\t\t<\/div>\n\t\t\t\t<\/div>\n\t\t\t\t<section class=\"elementor-section elementor-inner-section elementor-element elementor-element-85e70ae elementor-section-full_width elementor-section-height-default elementor-section-height-default\" data-id=\"85e70ae\" data-element_type=\"section\" data-e-type=\"section\">\n\t\t\t\t\t\t<div class=\"elementor-container elementor-column-gap-default\">\n\t\t\t\t\t<div class=\"elementor-column elementor-col-100 elementor-inner-column elementor-element elementor-element-62a2bc3\" data-id=\"62a2bc3\" data-element_type=\"column\" data-e-type=\"column\">\n\t\t\t<div class=\"elementor-widget-wrap elementor-element-populated\">\n\t\t\t\t\t\t<div class=\"elementor-element elementor-element-ca3c3e5 elementor-widget elementor-widget-heading\" data-id=\"ca3c3e5\" data-element_type=\"widget\" data-e-type=\"widget\" data-widget_type=\"heading.default\">\n\t\t\t\t<div class=\"elementor-widget-container\">\n\t\t\t\t\t<p class=\"elementor-heading-title elementor-size-default\">Deshalb schaffen wir eine professionelle und wertsch\u00e4tzende Arbeitsumgebung, in der sich jeder individuell entfalten und sein volles Potenzial aussch\u00f6pfen kann. So stellen wir sicher, dass unser hoher Service- und Qualit\u00e4tsanspruch t\u00e4glich gelebt wird.\n<br><br>\n<b> M\u00f6chten Sie Teil des CIARUS-Teams werden? Bewerben Sie sich jetzt und gestalten Sie mit uns unvergessliche Kundenerlebnisse!<\/b>\n<br><br>\n\n<div class=\"wpcf7 no-js\" id=\"wpcf7-f18968-o1\" lang=\"fr-FR\" dir=\"ltr\" data-wpcf7-id=\"18968\">\n<div class=\"screen-reader-response\"><p role=\"status\" aria-live=\"polite\" aria-atomic=\"true\"><\/p> <ul><\/ul><\/div>\n<form action=\"\/de\/wp-json\/wp\/v2\/pages\/9472#wpcf7-f18968-o1\" method=\"post\" class=\"wpcf7-form init\" aria-label=\"Formulaire de contact\" enctype=\"multipart\/form-data\" novalidate=\"novalidate\" data-status=\"init\">\n<fieldset class=\"hidden-fields-container\"><input type=\"hidden\" name=\"_wpcf7\" value=\"18968\" \/><input type=\"hidden\" name=\"_wpcf7_version\" value=\"6.1.5\" \/><input type=\"hidden\" name=\"_wpcf7_locale\" value=\"fr_FR\" \/><input type=\"hidden\" name=\"_wpcf7_unit_tag\" value=\"wpcf7-f18968-o1\" \/><input type=\"hidden\" name=\"_wpcf7_container_post\" value=\"0\" \/><input type=\"hidden\" name=\"_wpcf7_posted_data_hash\" value=\"\" \/><input type=\"hidden\" name=\"_wpcf7_recaptcha_response\" value=\"\" \/>\n<\/fieldset>\n<p><label> Ihr Name \/ Vorname<br \/>\n<span class=\"wpcf7-form-control-wrap\" data-name=\"your-name\"><input size=\"40\" maxlength=\"400\" class=\"wpcf7-form-control wpcf7-text wpcf7-validates-as-required\" aria-required=\"true\" aria-invalid=\"false\" value=\"\" type=\"text\" name=\"your-name\" \/><\/span> <\/label>\n<\/p>\n<p><label> Deine Emailadresse<br \/>\n<span class=\"wpcf7-form-control-wrap\" data-name=\"your-email\"><input size=\"40\" maxlength=\"400\" class=\"wpcf7-form-control wpcf7-email wpcf7-validates-as-required wpcf7-text wpcf7-validates-as-email\" aria-required=\"true\" aria-invalid=\"false\" value=\"\" type=\"email\" name=\"your-email\" \/><\/span> <\/label>\n<\/p>\n<p><label> Ihre Bewerbung<br \/>\n<span class=\"wpcf7-form-control-wrap\" data-name=\"your-message\"><textarea cols=\"40\" rows=\"10\" maxlength=\"2000\" class=\"wpcf7-form-control wpcf7-textarea wpcf7-validates-as-required\" aria-required=\"true\" aria-invalid=\"false\" name=\"your-message\"><\/textarea><\/span> <\/label>\n<\/p>\n<p><label> Ihr Lebenslauf<br \/>\n<span class=\"wpcf7-form-control-wrap\" data-name=\"file-105\"><input size=\"40\" class=\"wpcf7-form-control wpcf7-file wpcf7-validates-as-required\" accept=\".pdf,.doc,.docx\" aria-required=\"true\" aria-invalid=\"false\" type=\"file\" name=\"file-105\" \/><\/span> <\/label>\n<\/p>\n<p><label><span class=\"wpcf7-form-control-wrap\" data-name=\"acceptance-269\"><span class=\"wpcf7-form-control wpcf7-acceptance\"><span class=\"wpcf7-list-item\"><label><input type=\"checkbox\" name=\"acceptance-269\" value=\"1\" aria-invalid=\"false\" \/><span class=\"wpcf7-list-item-label\">Ich akzeptiere die <a href=\"\/politique-de-confidentialite\" target=\"_blank\">Datenschutzerkl\u00e4rung der Website<\/a><\/span><\/label><\/span><\/span><\/span><\/label>\n<\/p>\n<p><input class=\"wpcf7-form-control wpcf7-submit has-spinner elementor-button-link elementor-button elementor-size-sm\" type=\"submit\" value=\"Senden\" \/>\n<\/p><div class=\"wpcf7-response-output\" aria-hidden=\"true\"><\/div>\n<\/form>\n<\/div>\n<\/p>\t\t\t\t<\/div>\n\t\t\t\t<\/div>\n\t\t\t\t\t<\/div>\n\t\t<\/div>\n\t\t\t\t\t<\/div>\n\t\t<\/section>\n\t\t\t\t\t<\/div>\n\t\t<\/div>\n\t\t\t\t<div class=\"elementor-column elementor-col-50 elementor-top-column elementor-element elementor-element-9043807\" data-id=\"9043807\" data-element_type=\"column\" data-e-type=\"column\" data-settings=\"{&quot;background_background&quot;:&quot;classic&quot;}\">\n\t\t\t<div class=\"elementor-widget-wrap elementor-element-populated\">\n\t\t\t\t\t\t<div class=\"elementor-element elementor-element-7ff0c24 elementor-widget elementor-widget-image\" data-id=\"7ff0c24\" data-element_type=\"widget\" data-e-type=\"widget\" data-settings=\"{&quot;motion_fx_motion_fx_scrolling&quot;:&quot;yes&quot;,&quot;motion_fx_translateY_effect&quot;:&quot;yes&quot;,&quot;motion_fx_translateY_speed&quot;:{&quot;unit&quot;:&quot;px&quot;,&quot;size&quot;:0.4,&quot;sizes&quot;:[]},&quot;motion_fx_translateY_affectedRange&quot;:{&quot;unit&quot;:&quot;%&quot;,&quot;size&quot;:&quot;&quot;,&quot;sizes&quot;:{&quot;start&quot;:0,&quot;end&quot;:100}},&quot;motion_fx_devices&quot;:[&quot;desktop&quot;,&quot;tablet&quot;,&quot;mobile&quot;]}\" data-widget_type=\"image.default\">\n\t\t\t\t<div class=\"elementor-widget-container\">\n\t\t\t\t\t\t\t\t\t\t\t\t\t\t\t<img fetchpriority=\"high\" decoding=\"async\" width=\"1024\" height=\"975\" src=\"https:\/\/www.ciarus.com\/site\/wp-content\/uploads\/2022\/05\/illusweb-1-1024x975.jpg\" class=\"attachment-large size-large wp-image-8812\" alt=\"Stellenangebote im Ciarus\" srcset=\"https:\/\/www.ciarus.com\/site\/wp-content\/uploads\/2022\/05\/illusweb-1-1024x975.jpg 1024w, https:\/\/www.ciarus.com\/site\/wp-content\/uploads\/2022\/05\/illusweb-1-600x571.jpg 600w, https:\/\/www.ciarus.com\/site\/wp-content\/uploads\/2022\/05\/illusweb-1-300x286.jpg 300w, https:\/\/www.ciarus.com\/site\/wp-content\/uploads\/2022\/05\/illusweb-1-768x731.jpg 768w, https:\/\/www.ciarus.com\/site\/wp-content\/uploads\/2022\/05\/illusweb-1-1536x1463.jpg 1536w, https:\/\/www.ciarus.com\/site\/wp-content\/uploads\/2022\/05\/illusweb-1.jpg 1676w\" sizes=\"(max-width: 1024px) 100vw, 1024px\" \/>\t\t\t\t\t\t\t\t\t\t\t\t\t\t\t<\/div>\n\t\t\t\t<\/div>\n\t\t\t\t\t<\/div>\n\t\t<\/div>\n\t\t\t\t\t<\/div>\n\t\t<\/section>\n\t\t\t\t<section class=\"elementor-section elementor-top-section elementor-element elementor-element-4227630 elementor-section-full_width elementor-section-stretched elementor-section-height-default elementor-section-height-default\" data-id=\"4227630\" data-element_type=\"section\" data-e-type=\"section\" data-settings=\"{&quot;stretch_section&quot;:&quot;section-stretched&quot;}\">\n\t\t\t\t\t\t<div class=\"elementor-container elementor-column-gap-default\">\n\t\t\t\t\t<div class=\"elementor-column elementor-col-100 elementor-top-column elementor-element elementor-element-bc4f1a5\" data-id=\"bc4f1a5\" data-element_type=\"column\" data-e-type=\"column\">\n\t\t\t<div class=\"elementor-widget-wrap elementor-element-populated\">\n\t\t\t\t\t\t<div class=\"elementor-element elementor-element-62da453 elementor-widget elementor-widget-google_maps\" data-id=\"62da453\" data-element_type=\"widget\" data-e-type=\"widget\" data-widget_type=\"google_maps.default\">\n\t\t\t\t<div class=\"elementor-widget-container\">\n\t\t\t\t\t\t\t<div class=\"elementor-custom-embed\">\n\t\t\t<iframe loading=\"lazy\"\n\t\t\t\t\tsrc=\"https:\/\/maps.google.com\/maps?q=Ciarus%207%20rue%20Finkmatt%2067000%20Strasbourg&#038;t=m&#038;z=10&#038;output=embed&#038;iwloc=near\"\n\t\t\t\t\ttitle=\"Ciarus 7 rue Finkmatt 67000 Strasbourg\"\n\t\t\t\t\taria-label=\"Ciarus 7 rue Finkmatt 67000 Strasbourg\"\n\t\t\t><\/iframe>\n\t\t<\/div>\n\t\t\t\t\t\t<\/div>\n\t\t\t\t<\/div>\n\t\t\t\t\t<\/div>\n\t\t<\/div>\n\t\t\t\t\t<\/div>\n\t\t<\/section>\n\t\t\t\t<\/div>\n\t\t","protected":false},"excerpt":{"rendered":"<p>GESTALTEN SIE MIT UNS UNVERGESSLICHE KUNDENERLEBNISSE ! &#8222;Im CIARUS sind wir \u00fcberzeugt, dass talentierte und engagierte Mitarbeiter der Schl\u00fcssel zum Erfolg sind.&#8220; Deshalb schaffen wir eine professionelle und wertsch\u00e4tzende Arbeitsumgebung, in der sich jeder individuell entfalten und sein volles Potenzial aussch\u00f6pfen kann. So stellen wir sicher, dass unser hoher Service- und Qualit\u00e4tsanspruch t\u00e4glich gelebt wird. [&hellip;]<\/p>\n","protected":false},"author":2,"featured_media":0,"parent":0,"menu_order":0,"comment_status":"closed","ping_status":"closed","template":"","meta":{"footnotes":""},"class_list":["post-9472","page","type-page","status-publish","hentry"],"yoast_head":"<!-- This site is optimized with the Yoast SEO plugin v27.5 - https:\/\/yoast.com\/product\/yoast-seo-wordpress\/ -->\n<title>Stellenangebote im Ciarus Stra\u00dfburg: Hotel- und Gastst\u00e4ttengewerbe<\/title>\n<meta name=\"description\" content=\"Werden Sie Teil unseres Teams! Im CIARUS erwarten Sie spannende Karrierem\u00f6glichkeiten in einem einzigartigen Umfeld. Bewerben Sie sich direkt online.\" \/>\n<meta name=\"robots\" content=\"index, follow, max-snippet:-1, max-image-preview:large, max-video-preview:-1\" \/>\n<link rel=\"canonical\" href=\"https:\/\/www.ciarus.com\/de\/ciarus\/stellenausschreibungen\/\" \/>\n<meta property=\"og:locale\" content=\"de_DE\" \/>\n<meta property=\"og:type\" content=\"article\" \/>\n<meta property=\"og:title\" content=\"Stellenangebote im Ciarus Stra\u00dfburg: Hotel- und Gastst\u00e4ttengewerbe\" \/>\n<meta property=\"og:description\" content=\"Werden Sie Teil unseres Teams! Im CIARUS erwarten Sie spannende Karrierem\u00f6glichkeiten in einem einzigartigen Umfeld. Bewerben Sie sich direkt online.\" \/>\n<meta property=\"og:url\" content=\"https:\/\/www.ciarus.com\/de\/ciarus\/stellenausschreibungen\/\" \/>\n<meta property=\"og:site_name\" content=\"Ciarus\" \/>\n<meta property=\"article:modified_time\" content=\"2025-03-26T12:35:36+00:00\" \/>\n<meta property=\"og:image\" content=\"https:\/\/www.ciarus.com\/site\/wp-content\/uploads\/2022\/05\/illusweb-1.jpg\" \/>\n\t<meta property=\"og:image:width\" content=\"1676\" \/>\n\t<meta property=\"og:image:height\" content=\"1596\" \/>\n\t<meta property=\"og:image:type\" content=\"image\/jpeg\" \/>\n<meta name=\"twitter:card\" content=\"summary_large_image\" \/>\n<script type=\"application\/ld+json\" class=\"yoast-schema-graph\">{\"@context\":\"https:\\\/\\\/schema.org\",\"@graph\":[{\"@type\":\"WebPage\",\"@id\":\"https:\\\/\\\/www.ciarus.com\\\/de\\\/ciarus\\\/stellenausschreibungen\\\/\",\"url\":\"https:\\\/\\\/www.ciarus.com\\\/de\\\/ciarus\\\/stellenausschreibungen\\\/\",\"name\":\"Stellenangebote im Ciarus Stra\u00dfburg: Hotel- und Gastst\u00e4ttengewerbe\",\"isPartOf\":{\"@id\":\"https:\\\/\\\/www.ciarus.com\\\/de\\\/#website\"},\"primaryImageOfPage\":{\"@id\":\"https:\\\/\\\/www.ciarus.com\\\/de\\\/ciarus\\\/stellenausschreibungen\\\/#primaryimage\"},\"image\":{\"@id\":\"https:\\\/\\\/www.ciarus.com\\\/de\\\/ciarus\\\/stellenausschreibungen\\\/#primaryimage\"},\"thumbnailUrl\":\"https:\\\/\\\/www.ciarus.com\\\/site\\\/wp-content\\\/uploads\\\/2022\\\/05\\\/illusweb-1-1024x975.jpg\",\"datePublished\":\"2022-05-25T16:46:03+00:00\",\"dateModified\":\"2025-03-26T12:35:36+00:00\",\"description\":\"Werden Sie Teil unseres Teams! Im CIARUS erwarten Sie spannende Karrierem\u00f6glichkeiten in einem einzigartigen Umfeld. Bewerben Sie sich direkt online.\",\"breadcrumb\":{\"@id\":\"https:\\\/\\\/www.ciarus.com\\\/de\\\/ciarus\\\/stellenausschreibungen\\\/#breadcrumb\"},\"inLanguage\":\"de\",\"potentialAction\":[{\"@type\":\"ReadAction\",\"target\":[\"https:\\\/\\\/www.ciarus.com\\\/de\\\/ciarus\\\/stellenausschreibungen\\\/\"]}]},{\"@type\":\"ImageObject\",\"inLanguage\":\"de\",\"@id\":\"https:\\\/\\\/www.ciarus.com\\\/de\\\/ciarus\\\/stellenausschreibungen\\\/#primaryimage\",\"url\":\"https:\\\/\\\/www.ciarus.com\\\/site\\\/wp-content\\\/uploads\\\/2022\\\/05\\\/illusweb-1-1024x975.jpg\",\"contentUrl\":\"https:\\\/\\\/www.ciarus.com\\\/site\\\/wp-content\\\/uploads\\\/2022\\\/05\\\/illusweb-1-1024x975.jpg\"},{\"@type\":\"BreadcrumbList\",\"@id\":\"https:\\\/\\\/www.ciarus.com\\\/de\\\/ciarus\\\/stellenausschreibungen\\\/#breadcrumb\",\"itemListElement\":[{\"@type\":\"ListItem\",\"position\":1,\"name\":\"Accueil\",\"item\":\"https:\\\/\\\/www.ciarus.com\\\/de\\\/\"},{\"@type\":\"ListItem\",\"position\":2,\"name\":\"Stellenausschreibungen\"}]},{\"@type\":\"WebSite\",\"@id\":\"https:\\\/\\\/www.ciarus.com\\\/de\\\/#website\",\"url\":\"https:\\\/\\\/www.ciarus.com\\\/de\\\/\",\"name\":\"Ciarus\",\"description\":\"\",\"publisher\":{\"@id\":\"https:\\\/\\\/www.ciarus.com\\\/de\\\/#organization\"},\"potentialAction\":[{\"@type\":\"SearchAction\",\"target\":{\"@type\":\"EntryPoint\",\"urlTemplate\":\"https:\\\/\\\/www.ciarus.com\\\/de\\\/?s={search_term_string}\"},\"query-input\":{\"@type\":\"PropertyValueSpecification\",\"valueRequired\":true,\"valueName\":\"search_term_string\"}}],\"inLanguage\":\"de\"},{\"@type\":\"Organization\",\"@id\":\"https:\\\/\\\/www.ciarus.com\\\/de\\\/#organization\",\"name\":\"Ciarus\",\"url\":\"https:\\\/\\\/www.ciarus.com\\\/de\\\/\",\"logo\":{\"@type\":\"ImageObject\",\"inLanguage\":\"de\",\"@id\":\"https:\\\/\\\/www.ciarus.com\\\/de\\\/#\\\/schema\\\/logo\\\/image\\\/\",\"url\":\"https:\\\/\\\/medias-wordpress-offload.storage.googleapis.com\\\/ciarus.com\\\/2022\\\/05\\\/07122203\\\/LOGO-CIARUS-HOSTEL-BLANC.png\",\"contentUrl\":\"https:\\\/\\\/medias-wordpress-offload.storage.googleapis.com\\\/ciarus.com\\\/2022\\\/05\\\/07122203\\\/LOGO-CIARUS-HOSTEL-BLANC.png\",\"width\":2560,\"height\":1295,\"caption\":\"Ciarus\"},\"image\":{\"@id\":\"https:\\\/\\\/www.ciarus.com\\\/de\\\/#\\\/schema\\\/logo\\\/image\\\/\"}}]}<\/script>\n<!-- \/ Yoast SEO plugin. -->","yoast_head_json":{"title":"Stellenangebote im Ciarus Stra\u00dfburg: Hotel- und Gastst\u00e4ttengewerbe","description":"Werden Sie Teil unseres Teams! Im CIARUS erwarten Sie spannende Karrierem\u00f6glichkeiten in einem einzigartigen Umfeld. Bewerben Sie sich direkt online.","robots":{"index":"index","follow":"follow","max-snippet":"max-snippet:-1","max-image-preview":"max-image-preview:large","max-video-preview":"max-video-preview:-1"},"canonical":"https:\/\/www.ciarus.com\/de\/ciarus\/stellenausschreibungen\/","og_locale":"de_DE","og_type":"article","og_title":"Stellenangebote im Ciarus Stra\u00dfburg: Hotel- und Gastst\u00e4ttengewerbe","og_description":"Werden Sie Teil unseres Teams! Im CIARUS erwarten Sie spannende Karrierem\u00f6glichkeiten in einem einzigartigen Umfeld. Bewerben Sie sich direkt online.","og_url":"https:\/\/www.ciarus.com\/de\/ciarus\/stellenausschreibungen\/","og_site_name":"Ciarus","article_modified_time":"2025-03-26T12:35:36+00:00","og_image":[{"width":1676,"height":1596,"url":"https:\/\/www.ciarus.com\/site\/wp-content\/uploads\/2022\/05\/illusweb-1.jpg","type":"image\/jpeg"}],"twitter_card":"summary_large_image","schema":{"@context":"https:\/\/schema.org","@graph":[{"@type":"WebPage","@id":"https:\/\/www.ciarus.com\/de\/ciarus\/stellenausschreibungen\/","url":"https:\/\/www.ciarus.com\/de\/ciarus\/stellenausschreibungen\/","name":"Stellenangebote im Ciarus Stra\u00dfburg: Hotel- und Gastst\u00e4ttengewerbe","isPartOf":{"@id":"https:\/\/www.ciarus.com\/de\/#website"},"primaryImageOfPage":{"@id":"https:\/\/www.ciarus.com\/de\/ciarus\/stellenausschreibungen\/#primaryimage"},"image":{"@id":"https:\/\/www.ciarus.com\/de\/ciarus\/stellenausschreibungen\/#primaryimage"},"thumbnailUrl":"https:\/\/www.ciarus.com\/site\/wp-content\/uploads\/2022\/05\/illusweb-1-1024x975.jpg","datePublished":"2022-05-25T16:46:03+00:00","dateModified":"2025-03-26T12:35:36+00:00","description":"Werden Sie Teil unseres Teams! Im CIARUS erwarten Sie spannende Karrierem\u00f6glichkeiten in einem einzigartigen Umfeld. Bewerben Sie sich direkt online.","breadcrumb":{"@id":"https:\/\/www.ciarus.com\/de\/ciarus\/stellenausschreibungen\/#breadcrumb"},"inLanguage":"de","potentialAction":[{"@type":"ReadAction","target":["https:\/\/www.ciarus.com\/de\/ciarus\/stellenausschreibungen\/"]}]},{"@type":"ImageObject","inLanguage":"de","@id":"https:\/\/www.ciarus.com\/de\/ciarus\/stellenausschreibungen\/#primaryimage","url":"https:\/\/www.ciarus.com\/site\/wp-content\/uploads\/2022\/05\/illusweb-1-1024x975.jpg","contentUrl":"https:\/\/www.ciarus.com\/site\/wp-content\/uploads\/2022\/05\/illusweb-1-1024x975.jpg"},{"@type":"BreadcrumbList","@id":"https:\/\/www.ciarus.com\/de\/ciarus\/stellenausschreibungen\/#breadcrumb","itemListElement":[{"@type":"ListItem","position":1,"name":"Accueil","item":"https:\/\/www.ciarus.com\/de\/"},{"@type":"ListItem","position":2,"name":"Stellenausschreibungen"}]},{"@type":"WebSite","@id":"https:\/\/www.ciarus.com\/de\/#website","url":"https:\/\/www.ciarus.com\/de\/","name":"Ciarus","description":"","publisher":{"@id":"https:\/\/www.ciarus.com\/de\/#organization"},"potentialAction":[{"@type":"SearchAction","target":{"@type":"EntryPoint","urlTemplate":"https:\/\/www.ciarus.com\/de\/?s={search_term_string}"},"query-input":{"@type":"PropertyValueSpecification","valueRequired":true,"valueName":"search_term_string"}}],"inLanguage":"de"},{"@type":"Organization","@id":"https:\/\/www.ciarus.com\/de\/#organization","name":"Ciarus","url":"https:\/\/www.ciarus.com\/de\/","logo":{"@type":"ImageObject","inLanguage":"de","@id":"https:\/\/www.ciarus.com\/de\/#\/schema\/logo\/image\/","url":"https:\/\/medias-wordpress-offload.storage.googleapis.com\/ciarus.com\/2022\/05\/07122203\/LOGO-CIARUS-HOSTEL-BLANC.png","contentUrl":"https:\/\/medias-wordpress-offload.storage.googleapis.com\/ciarus.com\/2022\/05\/07122203\/LOGO-CIARUS-HOSTEL-BLANC.png","width":2560,"height":1295,"caption":"Ciarus"},"image":{"@id":"https:\/\/www.ciarus.com\/de\/#\/schema\/logo\/image\/"}}]}},"_links":{"self":[{"href":"https:\/\/www.ciarus.com\/de\/wp-json\/wp\/v2\/pages\/9472","targetHints":{"allow":["GET"]}}],"collection":[{"href":"https:\/\/www.ciarus.com\/de\/wp-json\/wp\/v2\/pages"}],"about":[{"href":"https:\/\/www.ciarus.com\/de\/wp-json\/wp\/v2\/types\/page"}],"author":[{"embeddable":true,"href":"https:\/\/www.ciarus.com\/de\/wp-json\/wp\/v2\/users\/2"}],"replies":[{"embeddable":true,"href":"https:\/\/www.ciarus.com\/de\/wp-json\/wp\/v2\/comments?post=9472"}],"version-history":[{"count":5,"href":"https:\/\/www.ciarus.com\/de\/wp-json\/wp\/v2\/pages\/9472\/revisions"}],"predecessor-version":[{"id":31829,"href":"https:\/\/www.ciarus.com\/de\/wp-json\/wp\/v2\/pages\/9472\/revisions\/31829"}],"wp:attachment":[{"href":"https:\/\/www.ciarus.com\/de\/wp-json\/wp\/v2\/media?parent=9472"}],"curies":[{"name":"wp","href":"https:\/\/api.w.org\/{rel}","templated":true}]}}