{"id":9960,"date":"2022-05-26T11:07:15","date_gmt":"2022-05-26T09:07:15","guid":{"rendered":"https:\/\/www.ciarus.com\/?page_id=9960"},"modified":"2022-11-27T14:48:28","modified_gmt":"2022-11-27T13:48:28","slug":"mentions-legales","status":"publish","type":"page","link":"https:\/\/www.ciarus.com\/de\/mentions-legales\/","title":{"rendered":"Mentions l\u00e9gales"},"content":{"rendered":"\t\t<div data-elementor-type=\"wp-page\" data-elementor-id=\"9960\" class=\"elementor elementor-9960\" data-elementor-post-type=\"page\">\n\t\t\t\t\t\t<section class=\"elementor-section elementor-top-section elementor-element elementor-element-45a632bf elementor-section-stretched elementor-section-content-middle elementor-section-height-min-height elementor-section-boxed elementor-section-height-default elementor-section-items-middle\" data-id=\"45a632bf\" data-element_type=\"section\" data-e-type=\"section\" data-settings=\"{&quot;stretch_section&quot;:&quot;section-stretched&quot;,&quot;background_background&quot;:&quot;classic&quot;,&quot;background_motion_fx_motion_fx_scrolling&quot;:&quot;yes&quot;,&quot;background_motion_fx_translateY_effect&quot;:&quot;yes&quot;,&quot;background_motion_fx_translateY_speed&quot;:{&quot;unit&quot;:&quot;px&quot;,&quot;size&quot;:4,&quot;sizes&quot;:[]},&quot;background_motion_fx_translateY_affectedRange&quot;:{&quot;unit&quot;:&quot;%&quot;,&quot;size&quot;:&quot;&quot;,&quot;sizes&quot;:{&quot;start&quot;:0,&quot;end&quot;:100}},&quot;background_motion_fx_devices&quot;:[&quot;desktop&quot;,&quot;tablet&quot;,&quot;mobile&quot;]}\">\n\t\t\t\t\t\t\t<div class=\"elementor-background-overlay\"><\/div>\n\t\t\t\t\t\t\t<div class=\"elementor-container elementor-column-gap-default\">\n\t\t\t\t\t<div class=\"elementor-column elementor-col-50 elementor-top-column elementor-element elementor-element-7ed7bcea\" data-id=\"7ed7bcea\" data-element_type=\"column\" data-e-type=\"column\">\n\t\t\t<div class=\"elementor-widget-wrap elementor-element-populated\">\n\t\t\t\t\t\t<div class=\"elementor-element elementor-element-3af9efd8 elementor-widget elementor-widget-heading\" data-id=\"3af9efd8\" data-element_type=\"widget\" data-e-type=\"widget\" data-widget_type=\"heading.default\">\n\t\t\t\t<div class=\"elementor-widget-container\">\n\t\t\t\t\t<h1 class=\"elementor-heading-title elementor-size-default\">Rechtliche Hinweise<\/h1>\t\t\t\t<\/div>\n\t\t\t\t<\/div>\n\t\t\t\t\t<\/div>\n\t\t<\/div>\n\t\t\t\t<div class=\"elementor-column elementor-col-50 elementor-top-column elementor-element elementor-element-65a3b6a\" data-id=\"65a3b6a\" data-element_type=\"column\" data-e-type=\"column\">\n\t\t\t<div class=\"elementor-widget-wrap\">\n\t\t\t\t\t\t\t<\/div>\n\t\t<\/div>\n\t\t\t\t\t<\/div>\n\t\t<\/section>\n\t\t\t\t<section class=\"elementor-section elementor-top-section elementor-element elementor-element-3970322c elementor-section-content-middle elementor-section-stretched elementor-section-boxed elementor-section-height-default elementor-section-height-default\" data-id=\"3970322c\" data-element_type=\"section\" data-e-type=\"section\" data-settings=\"{&quot;stretch_section&quot;:&quot;section-stretched&quot;,&quot;background_background&quot;:&quot;classic&quot;}\">\n\t\t\t\t\t\t\t<div class=\"elementor-background-overlay\"><\/div>\n\t\t\t\t\t\t\t<div class=\"elementor-container elementor-column-gap-default\">\n\t\t\t\t\t<div class=\"elementor-column elementor-col-100 elementor-top-column elementor-element elementor-element-6d748c45\" data-id=\"6d748c45\" data-element_type=\"column\" data-e-type=\"column\">\n\t\t\t<div class=\"elementor-widget-wrap elementor-element-populated\">\n\t\t\t\t\t\t<section class=\"elementor-section elementor-inner-section elementor-element elementor-element-12e1ad22 elementor-section-full_width elementor-section-height-default elementor-section-height-default\" data-id=\"12e1ad22\" data-element_type=\"section\" data-e-type=\"section\">\n\t\t\t\t\t\t<div class=\"elementor-container elementor-column-gap-default\">\n\t\t\t\t\t<div class=\"elementor-column elementor-col-100 elementor-inner-column elementor-element elementor-element-314dc62a\" data-id=\"314dc62a\" data-element_type=\"column\" data-e-type=\"column\">\n\t\t\t<div class=\"elementor-widget-wrap elementor-element-populated\">\n\t\t\t\t\t\t<div class=\"elementor-element elementor-element-f5a7b22 elementor-widget elementor-widget-text-editor\" data-id=\"f5a7b22\" data-element_type=\"widget\" data-e-type=\"widget\" data-widget_type=\"text-editor.default\">\n\t\t\t\t<div class=\"elementor-widget-container\">\n\t\t\t\t\t\t\t\t\t<p style=\"font-weight: 400;\"><strong>CIARUS<\/strong><\/p><p style=\"font-weight: 400;\">7 RUE FINKMATT 67000 STRASBOURG<\/p><p style=\"font-weight: 400;\">Umsatzsteuer-Identifikationsnummer: FR49326355898<\/p><p style=\"font-weight: 400;\">SIRET-Nr.: 32635589800015<\/p><p><strong>1 &#8211; Vorstellung der Website.<br \/><\/strong>Gem\u00e4\u00df Art. 6 des franz\u00f6sischen Gesetzes Nr. 2004-575 vom 21. Juni 2004 \u00fcber das Vertrauen in die digitale Wirtschaft werden die Nutzer der Website \u00fcber die Identit\u00e4t der verschiedenen an der Erstellung und \u00dcberwachung der Website beteiligten Parteien in Kenntnis gesetzt:<\/p><p style=\"font-weight: 400;\">Inhaber: CIARUS<\/p><p style=\"font-weight: 400;\">Verantwortliche f\u00fcr den Inhalt der Webseite: Nelly PERRIN-JUND, Gesch\u00e4ftsf\u00fchrerin von CIARUS.<\/p><p style=\"font-weight: 400;\">Erstellung: <a href=\"https:\/\/eliesuzan.com\">eliesuzan.com<\/a><\/p><p style=\"font-weight: 400;\">Bild- und Videonachweise: St\u00e9phane SPACH, Yves Trozier, Elie Suzan.<\/p><p style=\"font-weight: 400;\">Hosting: <a href=\"https:\/\/qwenty.fr\">Qwenty SAS<\/a> &#8211; 4 Quai Koch 67000 STRASBOURG &#8211; Frankreich<\/p><p><strong>2 &#8211; Allgemeine Nutzungsbedingungen der Webseite und der angebotenen Leistungen.<br \/><\/strong>Die Nutzung der Webseite von CIARUS setzt die vollst\u00e4ndige und uneingeschr\u00e4nkte Annahme der nachstehend beschriebenen allgemeinen Nutzungsbedingungen voraus. Diese Nutzungsbedingungen k\u00f6nnen jederzeit ge\u00e4ndert oder erg\u00e4nzt werden, weshalb den Nutzern der Webseite von CIARUS empfohlen wird, sich regelm\u00e4\u00dfig mit ihnen vertraut zu machen. Diese Webseite ist in der Regel jederzeit f\u00fcr Nutzer zug\u00e4nglich. CIARUS kann jedoch eine Unterbrechung aufgrund technischer Wartungsarbeiten veranlassen: Nutzer werden nach M\u00f6glichkeit vorab \u00fcber den Zeitpunkt der Wartung informiert. Die Webseite von CIARUS wird regelm\u00e4\u00dfig vom CIARUS aktualisiert. Ebenso k\u00f6nnen die rechtlichen Hinweise jederzeit ge\u00e4ndert werden: Aufgrund des rechtsverbindlichen Charakters werden die Nutzer dennoch dazu aufgefordert, sich regelm\u00e4\u00dfig mit ihnen vertraut zu machen.<\/p><p><strong>3 &#8211; Beschreibung der bereitgestellten Leistungen.<br \/><\/strong>Die Webseite von CIARUS enth\u00e4lt Informationen \u00fcber alle Aktivit\u00e4ten des Unternehmens. Der CIARUS ist bestrebt, auf der Webseite von CIARUS m\u00f6glichst pr\u00e4zise Informationen zur Verf\u00fcgung zu stellen. Allerdings \u00fcbernimmt CIARUS keinerlei Haftung f\u00fcr die mangelnde Richtigkeit, Vollst\u00e4ndigkeit, Aktualisierung oder Genauigkeit der Daten, welche von CIARUS selbst oder von etwaigen Dritten bzw. Partnerunternehmen von CIARUS zur Verf\u00fcgung gestellt werden. Alle auf der Webseite von CIARUS angegebenen Informationen sind unverbindlich und k\u00f6nnen sich \u00e4ndern. Dar\u00fcber hinaus erheben die Angaben auf der Webseite von CIARUS keinen Anspruch auf Vollst\u00e4ndigkeit. Sie werden vorbehaltlich der seit ihrer Ver\u00f6ffentlichung vorgenommenen \u00c4nderungen bereitgestellt.<\/p><p><strong>4 &#8211; Vertragliche Beschr\u00e4nkungen der technischen Daten.<br \/><\/strong>Die Webseite verwendet die JavaScript-Technologie. Der Betreiber der Webseite kann nicht f\u00fcr materielle Sch\u00e4den im Zusammenhang mit der Nutzung der Webseite haftbar gemacht werden. Dar\u00fcber hinaus verpflichtet sich der Nutzer der Webseite, beim Zugriff auf die Webseite aktuelle virenfreie Hardware und einen aktualisierten Browser der neuesten Generation zu verwenden.<\/p><p><strong>5 &#8211; Geistiges Eigentum und F\u00e4lschungen.<br \/><\/strong>Der CIARUS ist Eigent\u00fcmer der geistigen Eigentumsrechte oder verf\u00fcgt \u00fcber die Nutzungsrechte auf alle auf der Webseite zug\u00e4nglichen Inhalte, insbesondere Texte, Bilder, Grafiken, Logos, Icons, T\u00f6ne, Software. Jede Vervielf\u00e4ltigung, Darstellung, \u00c4nderung, Ver\u00f6ffentlichung und Anpassung aller oder eines Teils der Inhalte der Webseite, unabh\u00e4ngig von den verwendeten Mitteln oder Verfahren, ist unzul\u00e4ssig ohne einer vorliegenden vorherigen schriftlichen Genehmigung durch CIARUS. Jegliche unbefugte Nutzung der Seite oder ihrer Inhalte gilt als F\u00e4lschung und stellt eine strafbare Handlung im Sinne der Artikel L 335-2 ff. des franz\u00f6sischen Gesetzes \u00fcber geistige Eigentumsrechte dar.<\/p><p><strong>6 &#8211; Haftungsbeschr\u00e4nkungen<\/strong>.<br \/>Es besteht kein Haftungsanspruch gegen\u00fcber dem CIARUS f\u00fcr direkte oder indirekte Sch\u00e4den an der Hardware des Nutzers beim Zugriff auf die Webseite, die durch die Verwendung einer Hardware, die nicht den unter Punkt 4 angegebenen Spezifikationen entspricht, oder durch das Auftreten eines Fehlers oder einer Inkompatibilit\u00e4t verursacht werden. Der CIARUS haftet auch nicht f\u00fcr indirekte Sch\u00e4den (wie z.B. Verlust eines Auftrags oder einer Gewinnm\u00f6glichkeit), welche infolge der Nutzung der Webseite von CIARUS entstehen. Den Nutzern stehen interaktive Bereiche (M\u00f6glichkeit, Fragen im Kontaktbereich zu stellen) zur Verf\u00fcgung. Der CIARUS beh\u00e4lt sich das Recht vor, ohne vorherige Ank\u00fcndigung s\u00e4mtliche in diesem Bereich abgelegten Inhalte zu l\u00f6schen, welche gegen die in Frankreich geltenden Gesetze und insbesondere gegen die Bestimmungen zum Datenschutz versto\u00dfen. Dar\u00fcber hinaus beh\u00e4lt sich das CIARUS das Recht vor, den Nutzer zivil- und\/oder strafrechtlich haftbar zu machen, insbesondere im Falle von rassistischen, beleidigenden, diffamierenden oder pornografischen \u00c4u\u00dferungen, unabh\u00e4ngig von der Art des verwendeten Mediums (Text, Fotografie&#8230;).<\/p><p><strong>7 &#8211; Umgang mit personenbezogenen Daten.<br \/><\/strong>In Frankreich werden personenbezogene Daten unter anderem durch das Gesetz Nr. 78-87 vom 6. Januar 1978, das Gesetz Nr. 2004-801 vom 6. August 2004, Artikel L. 226-13 des Strafgesetzbuches und die Europ\u00e4ische Richtlinie vom 24. Oktober 1995 gesch\u00fctzt. Bei der Nutzung der Webseite von CIARUS k\u00f6nnen folgende Daten erfasst werden: der Link, \u00fcber den der Nutzer auf die Webseite von CIARUS zugegriffen hat, der Zugangsanbieter des Nutzers, die Internetprotokoll-Adresse (IP) des Nutzers. In jedem Fall sammelt der CIARUS pers\u00f6nliche Informationen \u00fcber den Nutzer nur zum Zwecke bestimmter Dienstleistungen, die auf der Webseite von CIARUS angeboten werden. Der Nutzer \u00fcbermittelt diese Informationen in voller Kenntnis der Sachlage, vor allem, wenn er diese Informationen selbst erfasst. Der Nutzer der Webseite von CIARUS wird in Kenntnis gesetzt, wann die Angabe dieser Informationen notwendig bzw. nicht notwendig ist. Im Sinne von Artikel 38 ff. des Gesetzes 78-17 vom 6. Januar 1978 \u00fcber Informatik, Dateien und Freiheiten verf\u00fcgt jeder Nutzer \u00fcber ein Zugriffs-, Berichtigungs- und Einspruchsrecht bez\u00fcglich der ihn betreffenden pers\u00f6nlichen Daten. Hierzu muss er einen schriftlichen und unterschriebenen Antrag stellen, dem eine Kopie des Personalausweises mit Unterschrift des Inhabers des Dokuments beizuf\u00fcgen ist, unter Angabe der Adresse, an welche die Antwort gesendet werden soll. Personenbezogene Daten des Nutzers der Webseite von CIARUS k\u00f6nnen nicht ohne das Wissen des Nutzers ver\u00f6ffentlicht, ausgetauscht, \u00fcbertragen, abgetreten oder auf einem beliebigen Datentr\u00e4ger an Dritte verkauft werden. Allein gesetzt den Fall, dass CIARUS und seine Rechte \u00fcbernommen werden, k\u00f6nnen diese Informationen an einen eventuellen Erwerber weitergegeben werden, der seinerseits der gleichen Verpflichtung zur Aufbewahrung und \u00c4nderung der Daten gegen\u00fcber dem Nutzer der Webseite von CIARUS unterliegt. Die Datenbanken werden durch das franz\u00f6sische Gesetz vom 1. Juli 1998, mit dem die EU-Richtlinie 96\/9\/EG vom 11. M\u00e4rz 1996 \u00fcber den rechtlichen Schutz von Datenbanken umgesetzt wird, gesch\u00fctzt.<\/p><p><strong>8 &#8211; Hyperlinks und Cookies.<br \/><\/strong>Die Webseite von CIARUS enth\u00e4lt eine Reihe von Hyperlinks zu anderen Webseiten, die mit der Genehmigung von CIARUS eingerichtet wurden. Der CIARUS verf\u00fcgt jedoch nicht \u00fcber die M\u00f6glichkeit, den Inhalt der verlinkten Webseiten zu \u00fcberpr\u00fcfen und \u00fcbernimmt hierf\u00fcr keine Haftung. Die Nutzung der Webseite von CIARUS kann dazu f\u00fchren, dass auf dem Computer des Nutzers ein Cookie(s) gespeichert wird. Ein Cookie ist eine kleine Datei, die keine Identifizierung des Nutzers erm\u00f6glicht, jedoch Daten \u00fcber die Navigation eines Computers auf einer Webseite speichert. Die so erhaltenen Daten sollen die sp\u00e4tere Nutzung der Webseite erleichtern und ebenfalls dazu dienen, verschiedene Messungen der Besucherzahlen zu erm\u00f6glichen. Die Ablehnung der Installation eines Cookies kann dazu f\u00fchren, dass bestimmte Dienste nicht zug\u00e4nglich sind. Der Nutzer kann seinen Computer jedoch wie folgt konfigurieren, um die Installation von Cookies abzulehnen:<\/p><ul><li>Im Internet Explorer: Registerkarte &#8222;Extras&#8220; (Icon in Form eines Zahnrads in der oberen rechten Ecke) \/ &#8222;Internetoptionen&#8220;. Klicken Sie auf \u201aDatenschutz&#8220; und w\u00e4hlen Sie &#8222;Alle Cookies blockieren&#8220;. Best\u00e4tigen Sie mit &#8222;Ok&#8220;.<\/li><li>Unter Firefox: Klicken Sie oben im Browserfenster auf die Schaltfl\u00e4che &#8222;Firefox&#8220; und gehen Sie anschlie\u00dfend auf die Registerkarte &#8222;Optionen&#8220;. Klicken Sie auf die Registerkarte &#8222;Datenschutz&#8220;. Stellen Sie die Speichereinstellungen ein auf: Benutzerdefinierte Einstellungen f\u00fcr den Verlauf verwenden. Entfernen Sie ferner das H\u00e4kchen, um die Cookies zu deaktivieren.<\/li><li>Unter Safari: Klicken Sie oben rechts im Browser auf das Icon f\u00fcr das Men\u00fc (symbolisiert durch ein Zahnrad). W\u00e4hlen Sie &#8222;Einstellungen&#8220;. Klicken Sie auf &#8222;Erweiterte Einstellungen anzeigen&#8220;. Klicken Sie im Abschnitt &#8222;Datenschutz&#8220; auf Inhaltseinstellungen. Im Abschnitt &#8222;Cookies&#8220; k\u00f6nnen Sie Cookies blockieren.<\/li><li>Unter Chrome: Klicken Sie oben rechts im Browser auf das Icon f\u00fcr das Men\u00fc (symbolisiert durch drei horizontale Linien). W\u00e4hlen Sie &#8222;Einstellungen&#8220;. Klicken Sie auf &#8222;Erweiterte Einstellungen anzeigen&#8220;. Klicken Sie im Abschnitt &#8222;Datenschutz&#8220; auf Einstellungen. Auf der Registerkarte &#8222;Datenschutz&#8220; k\u00f6nnen Sie Cookies blockieren.<\/li><\/ul><p><strong>9 &#8211; Anwendbares Recht und Gerichtsstand.<br \/><\/strong>Alle Streitigkeiten im Zusammenhang mit der Nutzung der Webseite von CIARUS unterliegen dem franz\u00f6sischen Recht. Der Gerichtsstand ist ausschlie\u00dflich Stra\u00dfburg.<\/p><p><strong>10 &#8211; Die wichtigsten relevanten Gesetze<br \/><\/strong>Das franz\u00f6sische Gesetz Nr. 78-87 vom 6. Januar 1978, u. a. ge\u00e4ndert durch das franz\u00f6sische Gesetz Nr. 2004-801 vom 6. August 2004 \u00fcber Informatik, Dateien und Freiheitsrechte. Das franz\u00f6sische Gesetz Nr. 2004-575 vom 21. Juni 2004 \u00fcber das Vertrauen in die digitale Wirtschaft.<\/p><p><strong>11 &#8211; Glossar.<br \/><\/strong>&#8211; Nutzer: Internetnutzer, der sich einloggt und die oben genannte Webseite nutzt.<\/p><p style=\"font-weight: 400;\">&#8211; Personenbezogene Daten: \u201eDirekte oder indirekte Informationen in beliebiger Form, die zur Identifikation der nat\u00fcrlichen Personen, auf die sie sich beziehen, dienen\u201c (Artikel 4 des franz\u00f6sischen Gesetzes Nr. 78-17 vom 6. Januar 1978).<\/p>\t\t\t\t\t\t\t\t<\/div>\n\t\t\t\t<\/div>\n\t\t\t\t\t<\/div>\n\t\t<\/div>\n\t\t\t\t\t<\/div>\n\t\t<\/section>\n\t\t\t\t\t<\/div>\n\t\t<\/div>\n\t\t\t\t\t<\/div>\n\t\t<\/section>\n\t\t\t\t<\/div>\n\t\t","protected":false},"excerpt":{"rendered":"<p>Rechtliche Hinweise CIARUS 7 RUE FINKMATT 67000 STRASBOURG Umsatzsteuer-Identifikationsnummer: FR49326355898 SIRET-Nr.: 32635589800015 1 &#8211; Vorstellung der Website.Gem\u00e4\u00df Art. 6 des franz\u00f6sischen Gesetzes Nr. 2004-575 vom 21. Juni 2004 \u00fcber das Vertrauen in die digitale Wirtschaft werden die Nutzer der Website \u00fcber die Identit\u00e4t der verschiedenen an der Erstellung und \u00dcberwachung der Website beteiligten Parteien in [&hellip;]<\/p>\n","protected":false},"author":2,"featured_media":0,"parent":0,"menu_order":0,"comment_status":"closed","ping_status":"closed","template":"","meta":{"footnotes":""},"class_list":["post-9960","page","type-page","status-publish","hentry"],"yoast_head":"<!-- This site is optimized with the Yoast SEO plugin v27.5 - https:\/\/yoast.com\/product\/yoast-seo-wordpress\/ -->\n<title>Mentions l\u00e9gales - Ciarus<\/title>\n<meta name=\"description\" content=\"Hier finden Sie das Impressum der Website vom CIARUS\" \/>\n<meta name=\"robots\" content=\"index, follow, max-snippet:-1, max-image-preview:large, max-video-preview:-1\" \/>\n<link rel=\"canonical\" href=\"https:\/\/www.ciarus.com\/de\/mentions-legales\/\" \/>\n<meta property=\"og:locale\" content=\"de_DE\" \/>\n<meta property=\"og:type\" content=\"article\" \/>\n<meta property=\"og:title\" content=\"Mentions l\u00e9gales - Ciarus\" \/>\n<meta property=\"og:description\" content=\"Hier finden Sie das Impressum der Website vom CIARUS\" \/>\n<meta property=\"og:url\" content=\"https:\/\/www.ciarus.com\/de\/mentions-legales\/\" \/>\n<meta property=\"og:site_name\" content=\"Ciarus\" \/>\n<meta property=\"article:modified_time\" content=\"2022-11-27T13:48:28+00:00\" \/>\n<meta name=\"twitter:card\" content=\"summary_large_image\" \/>\n<script type=\"application\/ld+json\" class=\"yoast-schema-graph\">{\"@context\":\"https:\\\/\\\/schema.org\",\"@graph\":[{\"@type\":\"WebPage\",\"@id\":\"https:\\\/\\\/www.ciarus.com\\\/de\\\/mentions-legales\\\/\",\"url\":\"https:\\\/\\\/www.ciarus.com\\\/de\\\/mentions-legales\\\/\",\"name\":\"Mentions l\u00e9gales - Ciarus\",\"isPartOf\":{\"@id\":\"https:\\\/\\\/www.ciarus.com\\\/de\\\/#website\"},\"datePublished\":\"2022-05-26T09:07:15+00:00\",\"dateModified\":\"2022-11-27T13:48:28+00:00\",\"description\":\"Hier finden Sie das Impressum der Website vom CIARUS\",\"breadcrumb\":{\"@id\":\"https:\\\/\\\/www.ciarus.com\\\/de\\\/mentions-legales\\\/#breadcrumb\"},\"inLanguage\":\"de\",\"potentialAction\":[{\"@type\":\"ReadAction\",\"target\":[\"https:\\\/\\\/www.ciarus.com\\\/de\\\/mentions-legales\\\/\"]}]},{\"@type\":\"BreadcrumbList\",\"@id\":\"https:\\\/\\\/www.ciarus.com\\\/de\\\/mentions-legales\\\/#breadcrumb\",\"itemListElement\":[{\"@type\":\"ListItem\",\"position\":1,\"name\":\"Accueil\",\"item\":\"https:\\\/\\\/www.ciarus.com\\\/de\\\/\"},{\"@type\":\"ListItem\",\"position\":2,\"name\":\"Mentions l\u00e9gales\"}]},{\"@type\":\"WebSite\",\"@id\":\"https:\\\/\\\/www.ciarus.com\\\/de\\\/#website\",\"url\":\"https:\\\/\\\/www.ciarus.com\\\/de\\\/\",\"name\":\"Ciarus\",\"description\":\"\",\"publisher\":{\"@id\":\"https:\\\/\\\/www.ciarus.com\\\/de\\\/#organization\"},\"potentialAction\":[{\"@type\":\"SearchAction\",\"target\":{\"@type\":\"EntryPoint\",\"urlTemplate\":\"https:\\\/\\\/www.ciarus.com\\\/de\\\/?s={search_term_string}\"},\"query-input\":{\"@type\":\"PropertyValueSpecification\",\"valueRequired\":true,\"valueName\":\"search_term_string\"}}],\"inLanguage\":\"de\"},{\"@type\":\"Organization\",\"@id\":\"https:\\\/\\\/www.ciarus.com\\\/de\\\/#organization\",\"name\":\"Ciarus\",\"url\":\"https:\\\/\\\/www.ciarus.com\\\/de\\\/\",\"logo\":{\"@type\":\"ImageObject\",\"inLanguage\":\"de\",\"@id\":\"https:\\\/\\\/www.ciarus.com\\\/de\\\/#\\\/schema\\\/logo\\\/image\\\/\",\"url\":\"https:\\\/\\\/medias-wordpress-offload.storage.googleapis.com\\\/ciarus.com\\\/2022\\\/05\\\/07122203\\\/LOGO-CIARUS-HOSTEL-BLANC.png\",\"contentUrl\":\"https:\\\/\\\/medias-wordpress-offload.storage.googleapis.com\\\/ciarus.com\\\/2022\\\/05\\\/07122203\\\/LOGO-CIARUS-HOSTEL-BLANC.png\",\"width\":2560,\"height\":1295,\"caption\":\"Ciarus\"},\"image\":{\"@id\":\"https:\\\/\\\/www.ciarus.com\\\/de\\\/#\\\/schema\\\/logo\\\/image\\\/\"}}]}<\/script>\n<!-- \/ Yoast SEO plugin. -->","yoast_head_json":{"title":"Mentions l\u00e9gales - Ciarus","description":"Hier finden Sie das Impressum der Website vom CIARUS","robots":{"index":"index","follow":"follow","max-snippet":"max-snippet:-1","max-image-preview":"max-image-preview:large","max-video-preview":"max-video-preview:-1"},"canonical":"https:\/\/www.ciarus.com\/de\/mentions-legales\/","og_locale":"de_DE","og_type":"article","og_title":"Mentions l\u00e9gales - Ciarus","og_description":"Hier finden Sie das Impressum der Website vom CIARUS","og_url":"https:\/\/www.ciarus.com\/de\/mentions-legales\/","og_site_name":"Ciarus","article_modified_time":"2022-11-27T13:48:28+00:00","twitter_card":"summary_large_image","schema":{"@context":"https:\/\/schema.org","@graph":[{"@type":"WebPage","@id":"https:\/\/www.ciarus.com\/de\/mentions-legales\/","url":"https:\/\/www.ciarus.com\/de\/mentions-legales\/","name":"Mentions l\u00e9gales - Ciarus","isPartOf":{"@id":"https:\/\/www.ciarus.com\/de\/#website"},"datePublished":"2022-05-26T09:07:15+00:00","dateModified":"2022-11-27T13:48:28+00:00","description":"Hier finden Sie das Impressum der Website vom CIARUS","breadcrumb":{"@id":"https:\/\/www.ciarus.com\/de\/mentions-legales\/#breadcrumb"},"inLanguage":"de","potentialAction":[{"@type":"ReadAction","target":["https:\/\/www.ciarus.com\/de\/mentions-legales\/"]}]},{"@type":"BreadcrumbList","@id":"https:\/\/www.ciarus.com\/de\/mentions-legales\/#breadcrumb","itemListElement":[{"@type":"ListItem","position":1,"name":"Accueil","item":"https:\/\/www.ciarus.com\/de\/"},{"@type":"ListItem","position":2,"name":"Mentions l\u00e9gales"}]},{"@type":"WebSite","@id":"https:\/\/www.ciarus.com\/de\/#website","url":"https:\/\/www.ciarus.com\/de\/","name":"Ciarus","description":"","publisher":{"@id":"https:\/\/www.ciarus.com\/de\/#organization"},"potentialAction":[{"@type":"SearchAction","target":{"@type":"EntryPoint","urlTemplate":"https:\/\/www.ciarus.com\/de\/?s={search_term_string}"},"query-input":{"@type":"PropertyValueSpecification","valueRequired":true,"valueName":"search_term_string"}}],"inLanguage":"de"},{"@type":"Organization","@id":"https:\/\/www.ciarus.com\/de\/#organization","name":"Ciarus","url":"https:\/\/www.ciarus.com\/de\/","logo":{"@type":"ImageObject","inLanguage":"de","@id":"https:\/\/www.ciarus.com\/de\/#\/schema\/logo\/image\/","url":"https:\/\/medias-wordpress-offload.storage.googleapis.com\/ciarus.com\/2022\/05\/07122203\/LOGO-CIARUS-HOSTEL-BLANC.png","contentUrl":"https:\/\/medias-wordpress-offload.storage.googleapis.com\/ciarus.com\/2022\/05\/07122203\/LOGO-CIARUS-HOSTEL-BLANC.png","width":2560,"height":1295,"caption":"Ciarus"},"image":{"@id":"https:\/\/www.ciarus.com\/de\/#\/schema\/logo\/image\/"}}]}},"_links":{"self":[{"href":"https:\/\/www.ciarus.com\/de\/wp-json\/wp\/v2\/pages\/9960","targetHints":{"allow":["GET"]}}],"collection":[{"href":"https:\/\/www.ciarus.com\/de\/wp-json\/wp\/v2\/pages"}],"about":[{"href":"https:\/\/www.ciarus.com\/de\/wp-json\/wp\/v2\/types\/page"}],"author":[{"embeddable":true,"href":"https:\/\/www.ciarus.com\/de\/wp-json\/wp\/v2\/users\/2"}],"replies":[{"embeddable":true,"href":"https:\/\/www.ciarus.com\/de\/wp-json\/wp\/v2\/comments?post=9960"}],"version-history":[{"count":5,"href":"https:\/\/www.ciarus.com\/de\/wp-json\/wp\/v2\/pages\/9960\/revisions"}],"predecessor-version":[{"id":23268,"href":"https:\/\/www.ciarus.com\/de\/wp-json\/wp\/v2\/pages\/9960\/revisions\/23268"}],"wp:attachment":[{"href":"https:\/\/www.ciarus.com\/de\/wp-json\/wp\/v2\/media?parent=9960"}],"curies":[{"name":"wp","href":"https:\/\/api.w.org\/{rel}","templated":true}]}}