{"id":29728,"date":"2022-06-03T11:19:20","date_gmt":"2022-06-03T09:19:20","guid":{"rendered":"https:\/\/www.ciarus.com\/nuestras-noticias\/"},"modified":"2025-03-19T17:56:24","modified_gmt":"2025-03-19T16:56:24","slug":"noticias","status":"publish","type":"page","link":"https:\/\/www.ciarus.com\/es\/ciarus\/noticias\/","title":{"rendered":"Nuestras noticias"},"content":{"rendered":"\t\t<div data-elementor-type=\"wp-page\" data-elementor-id=\"29728\" class=\"elementor elementor-29728\" data-elementor-post-type=\"page\">\n\t\t\t\t\t\t<section class=\"elementor-section elementor-top-section elementor-element elementor-element-d9f9690 elementor-section-stretched elementor-section-content-middle elementor-section-height-min-height elementor-section-boxed elementor-section-height-default elementor-section-items-middle\" data-id=\"d9f9690\" data-element_type=\"section\" data-e-type=\"section\" data-settings=\"{&quot;stretch_section&quot;:&quot;section-stretched&quot;,&quot;background_background&quot;:&quot;classic&quot;,&quot;background_motion_fx_motion_fx_scrolling&quot;:&quot;yes&quot;,&quot;background_motion_fx_translateY_effect&quot;:&quot;yes&quot;,&quot;background_motion_fx_translateY_speed&quot;:{&quot;unit&quot;:&quot;px&quot;,&quot;size&quot;:4,&quot;sizes&quot;:[]},&quot;background_motion_fx_translateY_affectedRange&quot;:{&quot;unit&quot;:&quot;%&quot;,&quot;size&quot;:&quot;&quot;,&quot;sizes&quot;:{&quot;start&quot;:0,&quot;end&quot;:100}},&quot;background_motion_fx_devices&quot;:[&quot;desktop&quot;,&quot;tablet&quot;,&quot;mobile&quot;]}\">\n\t\t\t\t\t\t\t<div class=\"elementor-background-overlay\"><\/div>\n\t\t\t\t\t\t\t<div class=\"elementor-container elementor-column-gap-default\">\n\t\t\t\t\t<div class=\"elementor-column elementor-col-100 elementor-top-column elementor-element elementor-element-1d4a79c\" data-id=\"1d4a79c\" data-element_type=\"column\" data-e-type=\"column\">\n\t\t\t<div class=\"elementor-widget-wrap elementor-element-populated\">\n\t\t\t\t\t\t<div class=\"elementor-element elementor-element-3bcbb3f elementor-widget elementor-widget-heading\" data-id=\"3bcbb3f\" data-element_type=\"widget\" data-e-type=\"widget\" data-widget_type=\"heading.default\">\n\t\t\t\t<div class=\"elementor-widget-container\">\n\t\t\t\t\t<h1 class=\"elementor-heading-title elementor-size-default\">NUESTRAS <span style=\"color:#EB6909\">NOTICIAS<\/span><\/h1>\t\t\t\t<\/div>\n\t\t\t\t<\/div>\n\t\t\t\t\t<\/div>\n\t\t<\/div>\n\t\t\t\t\t<\/div>\n\t\t<\/section>\n\t\t\t\t<section class=\"elementor-section elementor-top-section elementor-element elementor-element-54f9aaa elementor-section-content-middle elementor-section-stretched elementor-section-boxed elementor-section-height-default elementor-section-height-default\" data-id=\"54f9aaa\" data-element_type=\"section\" data-e-type=\"section\" data-settings=\"{&quot;stretch_section&quot;:&quot;section-stretched&quot;,&quot;background_background&quot;:&quot;classic&quot;}\">\n\t\t\t\t\t\t\t<div class=\"elementor-background-overlay\"><\/div>\n\t\t\t\t\t\t\t<div class=\"elementor-container elementor-column-gap-default\">\n\t\t\t\t\t<div class=\"elementor-column elementor-col-50 elementor-top-column elementor-element elementor-element-884be35\" data-id=\"884be35\" data-element_type=\"column\" data-e-type=\"column\">\n\t\t\t<div class=\"elementor-widget-wrap elementor-element-populated\">\n\t\t\t\t\t\t<div class=\"elementor-element elementor-element-e54074a elementor-widget elementor-widget-heading\" data-id=\"e54074a\" data-element_type=\"widget\" data-e-type=\"widget\" data-widget_type=\"heading.default\">\n\t\t\t\t<div class=\"elementor-widget-container\">\n\t\t\t\t\t<p class=\"elementor-heading-title elementor-size-default\">Para ti, tu familia, amigos o compa\u00f1eros, mantente al d\u00eda de las novedades de CIARUS leyendo nuestras \u00faltimas noticias.<\/p>\t\t\t\t<\/div>\n\t\t\t\t<\/div>\n\t\t\t\t\t<\/div>\n\t\t<\/div>\n\t\t\t\t<div class=\"elementor-column elementor-col-50 elementor-top-column elementor-element elementor-element-4a42b2f elementor-hidden-mobile\" data-id=\"4a42b2f\" data-element_type=\"column\" data-e-type=\"column\">\n\t\t\t<div class=\"elementor-widget-wrap\">\n\t\t\t\t\t\t\t<\/div>\n\t\t<\/div>\n\t\t\t\t\t<\/div>\n\t\t<\/section>\n\t\t\t\t<section class=\"elementor-section elementor-top-section elementor-element elementor-element-0db46c8 elementor-section-content-middle elementor-section-stretched elementor-section-boxed elementor-section-height-default elementor-section-height-default\" data-id=\"0db46c8\" data-element_type=\"section\" data-e-type=\"section\" data-settings=\"{&quot;stretch_section&quot;:&quot;section-stretched&quot;,&quot;background_background&quot;:&quot;classic&quot;}\">\n\t\t\t\t\t\t\t<div class=\"elementor-background-overlay\"><\/div>\n\t\t\t\t\t\t\t<div class=\"elementor-container elementor-column-gap-default\">\n\t\t\t\t\t<div class=\"elementor-column elementor-col-100 elementor-top-column elementor-element elementor-element-a9a12fa\" data-id=\"a9a12fa\" data-element_type=\"column\" data-e-type=\"column\" data-settings=\"{&quot;background_background&quot;:&quot;classic&quot;}\">\n\t\t\t<div class=\"elementor-widget-wrap elementor-element-populated\">\n\t\t\t\t\t\t\t<\/div>\n\t\t<\/div>\n\t\t\t\t\t<\/div>\n\t\t<\/section>\n\t\t\t\t<\/div>\n\t\t","protected":false},"excerpt":{"rendered":"<p>NUESTRAS NOTICIAS Para ti, tu familia, amigos o compa\u00f1eros, mantente al d\u00eda de las novedades de CIARUS leyendo nuestras \u00faltimas noticias.<\/p>\n","protected":false},"author":2,"featured_media":0,"parent":0,"menu_order":0,"comment_status":"closed","ping_status":"closed","template":"","meta":{"footnotes":""},"class_list":["post-29728","page","type-page","status-publish","hentry"],"yoast_head":"<!-- This site is optimized with the Yoast SEO plugin v27.6 - https:\/\/yoast.com\/product\/yoast-seo-wordpress\/ -->\n<title>Noticias de Ciarus - El albergue juvenil en el centro de Estrasburgo<\/title>\n<meta name=\"description\" content=\"\u00a1No te pierdas ninguna novedad de CIARUS! Novedades, inauguraciones, brunchs, eventos culturales... \u00a1Aprovecha un lugar \u00fanico en Estrasburgo!\" \/>\n<meta name=\"robots\" content=\"index, follow, max-snippet:-1, max-image-preview:large, max-video-preview:-1\" \/>\n<link rel=\"canonical\" href=\"https:\/\/www.ciarus.com\/es\/ciarus\/noticias\/\" \/>\n<meta property=\"og:locale\" content=\"es_ES\" \/>\n<meta property=\"og:type\" content=\"article\" \/>\n<meta property=\"og:title\" content=\"Noticias de Ciarus - El albergue juvenil en el centro de Estrasburgo\" \/>\n<meta property=\"og:description\" content=\"\u00a1No te pierdas ninguna novedad de CIARUS! Novedades, inauguraciones, brunchs, eventos culturales... \u00a1Aprovecha un lugar \u00fanico en Estrasburgo!\" \/>\n<meta property=\"og:url\" content=\"https:\/\/www.ciarus.com\/es\/ciarus\/noticias\/\" \/>\n<meta property=\"og:site_name\" content=\"Ciarus\" \/>\n<meta property=\"article:modified_time\" content=\"2025-03-19T16:56:24+00:00\" \/>\n<meta name=\"twitter:card\" content=\"summary_large_image\" \/>\n<script type=\"application\/ld+json\" class=\"yoast-schema-graph\">{\"@context\":\"https:\\\/\\\/schema.org\",\"@graph\":[{\"@type\":\"WebPage\",\"@id\":\"https:\\\/\\\/www.ciarus.com\\\/es\\\/ciarus\\\/noticias\\\/\",\"url\":\"https:\\\/\\\/www.ciarus.com\\\/es\\\/ciarus\\\/noticias\\\/\",\"name\":\"Noticias de Ciarus - El albergue juvenil en el centro de Estrasburgo\",\"isPartOf\":{\"@id\":\"https:\\\/\\\/www.ciarus.com\\\/es\\\/#website\"},\"datePublished\":\"2022-06-03T09:19:20+00:00\",\"dateModified\":\"2025-03-19T16:56:24+00:00\",\"description\":\"\u00a1No te pierdas ninguna novedad de CIARUS! Novedades, inauguraciones, brunchs, eventos culturales... \u00a1Aprovecha un lugar \u00fanico en Estrasburgo!\",\"breadcrumb\":{\"@id\":\"https:\\\/\\\/www.ciarus.com\\\/es\\\/ciarus\\\/noticias\\\/#breadcrumb\"},\"inLanguage\":\"es-ES\",\"potentialAction\":[{\"@type\":\"ReadAction\",\"target\":[\"https:\\\/\\\/www.ciarus.com\\\/es\\\/ciarus\\\/noticias\\\/\"]}]},{\"@type\":\"BreadcrumbList\",\"@id\":\"https:\\\/\\\/www.ciarus.com\\\/es\\\/ciarus\\\/noticias\\\/#breadcrumb\",\"itemListElement\":[{\"@type\":\"ListItem\",\"position\":1,\"name\":\"Accueil\",\"item\":\"https:\\\/\\\/www.ciarus.com\\\/es\\\/\"},{\"@type\":\"ListItem\",\"position\":2,\"name\":\"Nuestras noticias\"}]},{\"@type\":\"WebSite\",\"@id\":\"https:\\\/\\\/www.ciarus.com\\\/es\\\/#website\",\"url\":\"https:\\\/\\\/www.ciarus.com\\\/es\\\/\",\"name\":\"Ciarus\",\"description\":\"\",\"publisher\":{\"@id\":\"https:\\\/\\\/www.ciarus.com\\\/es\\\/#organization\"},\"potentialAction\":[{\"@type\":\"SearchAction\",\"target\":{\"@type\":\"EntryPoint\",\"urlTemplate\":\"https:\\\/\\\/www.ciarus.com\\\/es\\\/?s={search_term_string}\"},\"query-input\":{\"@type\":\"PropertyValueSpecification\",\"valueRequired\":true,\"valueName\":\"search_term_string\"}}],\"inLanguage\":\"es-ES\"},{\"@type\":\"Organization\",\"@id\":\"https:\\\/\\\/www.ciarus.com\\\/es\\\/#organization\",\"name\":\"Ciarus\",\"url\":\"https:\\\/\\\/www.ciarus.com\\\/es\\\/\",\"logo\":{\"@type\":\"ImageObject\",\"inLanguage\":\"es-ES\",\"@id\":\"https:\\\/\\\/www.ciarus.com\\\/es\\\/#\\\/schema\\\/logo\\\/image\\\/\",\"url\":\"https:\\\/\\\/medias-wordpress-offload.storage.googleapis.com\\\/ciarus.com\\\/2022\\\/05\\\/07122203\\\/LOGO-CIARUS-HOSTEL-BLANC.png\",\"contentUrl\":\"https:\\\/\\\/medias-wordpress-offload.storage.googleapis.com\\\/ciarus.com\\\/2022\\\/05\\\/07122203\\\/LOGO-CIARUS-HOSTEL-BLANC.png\",\"width\":2560,\"height\":1295,\"caption\":\"Ciarus\"},\"image\":{\"@id\":\"https:\\\/\\\/www.ciarus.com\\\/es\\\/#\\\/schema\\\/logo\\\/image\\\/\"}}]}<\/script>\n<!-- \/ Yoast SEO plugin. -->","yoast_head_json":{"title":"Noticias de Ciarus - El albergue juvenil en el centro de Estrasburgo","description":"\u00a1No te pierdas ninguna novedad de CIARUS! Novedades, inauguraciones, brunchs, eventos culturales... \u00a1Aprovecha un lugar \u00fanico en Estrasburgo!","robots":{"index":"index","follow":"follow","max-snippet":"max-snippet:-1","max-image-preview":"max-image-preview:large","max-video-preview":"max-video-preview:-1"},"canonical":"https:\/\/www.ciarus.com\/es\/ciarus\/noticias\/","og_locale":"es_ES","og_type":"article","og_title":"Noticias de Ciarus - El albergue juvenil en el centro de Estrasburgo","og_description":"\u00a1No te pierdas ninguna novedad de CIARUS! Novedades, inauguraciones, brunchs, eventos culturales... \u00a1Aprovecha un lugar \u00fanico en Estrasburgo!","og_url":"https:\/\/www.ciarus.com\/es\/ciarus\/noticias\/","og_site_name":"Ciarus","article_modified_time":"2025-03-19T16:56:24+00:00","twitter_card":"summary_large_image","schema":{"@context":"https:\/\/schema.org","@graph":[{"@type":"WebPage","@id":"https:\/\/www.ciarus.com\/es\/ciarus\/noticias\/","url":"https:\/\/www.ciarus.com\/es\/ciarus\/noticias\/","name":"Noticias de Ciarus - El albergue juvenil en el centro de Estrasburgo","isPartOf":{"@id":"https:\/\/www.ciarus.com\/es\/#website"},"datePublished":"2022-06-03T09:19:20+00:00","dateModified":"2025-03-19T16:56:24+00:00","description":"\u00a1No te pierdas ninguna novedad de CIARUS! Novedades, inauguraciones, brunchs, eventos culturales... \u00a1Aprovecha un lugar \u00fanico en Estrasburgo!","breadcrumb":{"@id":"https:\/\/www.ciarus.com\/es\/ciarus\/noticias\/#breadcrumb"},"inLanguage":"es-ES","potentialAction":[{"@type":"ReadAction","target":["https:\/\/www.ciarus.com\/es\/ciarus\/noticias\/"]}]},{"@type":"BreadcrumbList","@id":"https:\/\/www.ciarus.com\/es\/ciarus\/noticias\/#breadcrumb","itemListElement":[{"@type":"ListItem","position":1,"name":"Accueil","item":"https:\/\/www.ciarus.com\/es\/"},{"@type":"ListItem","position":2,"name":"Nuestras noticias"}]},{"@type":"WebSite","@id":"https:\/\/www.ciarus.com\/es\/#website","url":"https:\/\/www.ciarus.com\/es\/","name":"Ciarus","description":"","publisher":{"@id":"https:\/\/www.ciarus.com\/es\/#organization"},"potentialAction":[{"@type":"SearchAction","target":{"@type":"EntryPoint","urlTemplate":"https:\/\/www.ciarus.com\/es\/?s={search_term_string}"},"query-input":{"@type":"PropertyValueSpecification","valueRequired":true,"valueName":"search_term_string"}}],"inLanguage":"es-ES"},{"@type":"Organization","@id":"https:\/\/www.ciarus.com\/es\/#organization","name":"Ciarus","url":"https:\/\/www.ciarus.com\/es\/","logo":{"@type":"ImageObject","inLanguage":"es-ES","@id":"https:\/\/www.ciarus.com\/es\/#\/schema\/logo\/image\/","url":"https:\/\/medias-wordpress-offload.storage.googleapis.com\/ciarus.com\/2022\/05\/07122203\/LOGO-CIARUS-HOSTEL-BLANC.png","contentUrl":"https:\/\/medias-wordpress-offload.storage.googleapis.com\/ciarus.com\/2022\/05\/07122203\/LOGO-CIARUS-HOSTEL-BLANC.png","width":2560,"height":1295,"caption":"Ciarus"},"image":{"@id":"https:\/\/www.ciarus.com\/es\/#\/schema\/logo\/image\/"}}]}},"_links":{"self":[{"href":"https:\/\/www.ciarus.com\/es\/wp-json\/wp\/v2\/pages\/29728","targetHints":{"allow":["GET"]}}],"collection":[{"href":"https:\/\/www.ciarus.com\/es\/wp-json\/wp\/v2\/pages"}],"about":[{"href":"https:\/\/www.ciarus.com\/es\/wp-json\/wp\/v2\/types\/page"}],"author":[{"embeddable":true,"href":"https:\/\/www.ciarus.com\/es\/wp-json\/wp\/v2\/users\/2"}],"replies":[{"embeddable":true,"href":"https:\/\/www.ciarus.com\/es\/wp-json\/wp\/v2\/comments?post=29728"}],"version-history":[{"count":5,"href":"https:\/\/www.ciarus.com\/es\/wp-json\/wp\/v2\/pages\/29728\/revisions"}],"predecessor-version":[{"id":30912,"href":"https:\/\/www.ciarus.com\/es\/wp-json\/wp\/v2\/pages\/29728\/revisions\/30912"}],"wp:attachment":[{"href":"https:\/\/www.ciarus.com\/es\/wp-json\/wp\/v2\/media?parent=29728"}],"curies":[{"name":"wp","href":"https:\/\/api.w.org\/{rel}","templated":true}]}}