{"id":30659,"date":"2022-10-10T16:24:40","date_gmt":"2022-10-10T14:24:40","guid":{"rendered":"https:\/\/www.ciarus.com\/seminarios-y-conferencias\/solicitar-un-presupuesto-eventos-de-empresa\/"},"modified":"2025-03-19T18:28:55","modified_gmt":"2025-03-19T17:28:55","slug":"solicitar-un-presupuesto-eventos-de-empresa","status":"publish","type":"page","link":"https:\/\/www.ciarus.com\/es\/seminarios-y-conferencias\/solicitar-un-presupuesto-eventos-de-empresa\/","title":{"rendered":"Solicitar un presupuesto Eventos de empresa"},"content":{"rendered":"\t\t<div data-elementor-type=\"wp-page\" data-elementor-id=\"30659\" class=\"elementor elementor-30659\" data-elementor-post-type=\"page\">\n\t\t\t\t\t\t<section class=\"elementor-section elementor-top-section elementor-element elementor-element-45a632bf elementor-section-stretched elementor-section-content-middle elementor-section-height-min-height elementor-section-boxed elementor-section-height-default elementor-section-items-middle\" data-id=\"45a632bf\" data-element_type=\"section\" data-e-type=\"section\" data-settings=\"{&quot;stretch_section&quot;:&quot;section-stretched&quot;,&quot;background_background&quot;:&quot;classic&quot;,&quot;background_motion_fx_motion_fx_scrolling&quot;:&quot;yes&quot;,&quot;background_motion_fx_translateY_effect&quot;:&quot;yes&quot;,&quot;background_motion_fx_translateY_speed&quot;:{&quot;unit&quot;:&quot;px&quot;,&quot;size&quot;:4,&quot;sizes&quot;:[]},&quot;background_motion_fx_translateY_affectedRange&quot;:{&quot;unit&quot;:&quot;%&quot;,&quot;size&quot;:&quot;&quot;,&quot;sizes&quot;:{&quot;start&quot;:0,&quot;end&quot;:100}},&quot;background_motion_fx_devices&quot;:[&quot;desktop&quot;,&quot;tablet&quot;,&quot;mobile&quot;]}\">\n\t\t\t\t\t\t\t<div class=\"elementor-background-overlay\"><\/div>\n\t\t\t\t\t\t\t<div class=\"elementor-container elementor-column-gap-default\">\n\t\t\t\t\t<div class=\"elementor-column elementor-col-50 elementor-top-column elementor-element elementor-element-7ed7bcea\" data-id=\"7ed7bcea\" data-element_type=\"column\" data-e-type=\"column\">\n\t\t\t<div class=\"elementor-widget-wrap elementor-element-populated\">\n\t\t\t\t\t\t<div class=\"elementor-element elementor-element-3ba7b54 elementor-widget elementor-widget-heading\" data-id=\"3ba7b54\" data-element_type=\"widget\" data-e-type=\"widget\" data-widget_type=\"heading.default\">\n\t\t\t\t<div class=\"elementor-widget-container\">\n\t\t\t\t\t<h1 class=\"elementor-heading-title elementor-size-default\">Solicita un presupuesto para un evento profesional<\/h1>\t\t\t\t<\/div>\n\t\t\t\t<\/div>\n\t\t\t\t\t<\/div>\n\t\t<\/div>\n\t\t\t\t<div class=\"elementor-column elementor-col-50 elementor-top-column elementor-element elementor-element-65a3b6a\" data-id=\"65a3b6a\" data-element_type=\"column\" data-e-type=\"column\">\n\t\t\t<div class=\"elementor-widget-wrap\">\n\t\t\t\t\t\t\t<\/div>\n\t\t<\/div>\n\t\t\t\t\t<\/div>\n\t\t<\/section>\n\t\t\t\t<section class=\"elementor-section elementor-top-section elementor-element elementor-element-591b608 elementor-section-boxed elementor-section-height-default elementor-section-height-default\" data-id=\"591b608\" data-element_type=\"section\" data-e-type=\"section\">\n\t\t\t\t\t\t<div class=\"elementor-container elementor-column-gap-default\">\n\t\t\t\t\t<div class=\"elementor-column elementor-col-100 elementor-top-column elementor-element elementor-element-bd5cc83\" data-id=\"bd5cc83\" data-element_type=\"column\" data-e-type=\"column\">\n\t\t\t<div class=\"elementor-widget-wrap elementor-element-populated\">\n\t\t\t\t\t\t<div class=\"elementor-element elementor-element-2995c99 elementor-widget elementor-widget-spacer\" data-id=\"2995c99\" data-element_type=\"widget\" data-e-type=\"widget\" data-widget_type=\"spacer.default\">\n\t\t\t\t<div class=\"elementor-widget-container\">\n\t\t\t\t\t\t\t<div class=\"elementor-spacer\">\n\t\t\t<div class=\"elementor-spacer-inner\"><\/div>\n\t\t<\/div>\n\t\t\t\t\t\t<\/div>\n\t\t\t\t<\/div>\n\t\t\t\t<div class=\"elementor-element elementor-element-b705d14 elementor-widget elementor-widget-heading\" data-id=\"b705d14\" data-element_type=\"widget\" data-e-type=\"widget\" data-widget_type=\"heading.default\">\n\t\t\t\t<div class=\"elementor-widget-container\">\n\t\t\t\t\t<span class=\"elementor-heading-title elementor-size-default\">PROFESIONALES<\/span>\t\t\t\t<\/div>\n\t\t\t\t<\/div>\n\t\t\t\t<div class=\"elementor-element elementor-element-edfe477 elementor-widget elementor-widget-text-editor\" data-id=\"edfe477\" data-element_type=\"widget\" data-e-type=\"widget\" data-widget_type=\"text-editor.default\">\n\t\t\t\t<div class=\"elementor-widget-container\">\n\t\t\t\t\t\t\t\t\t<p>\n<div class=\"wpcf7 no-js\" id=\"wpcf7-f19962-o1\" lang=\"fr-FR\" dir=\"ltr\" data-wpcf7-id=\"19962\">\n<div class=\"screen-reader-response\"><p role=\"status\" aria-live=\"polite\" aria-atomic=\"true\"><\/p> <ul><\/ul><\/div>\n<form action=\"\/es\/wp-json\/wp\/v2\/pages\/30659#wpcf7-f19962-o1\" method=\"post\" class=\"wpcf7-form init\" aria-label=\"Contact form\" novalidate=\"novalidate\" data-status=\"init\">\n<fieldset class=\"hidden-fields-container\"><input type=\"hidden\" name=\"_wpcf7\" value=\"19962\" \/><input type=\"hidden\" name=\"_wpcf7_version\" value=\"6.1.5\" \/><input type=\"hidden\" name=\"_wpcf7_locale\" value=\"fr_FR\" \/><input type=\"hidden\" name=\"_wpcf7_unit_tag\" value=\"wpcf7-f19962-o1\" \/><input type=\"hidden\" name=\"_wpcf7_container_post\" value=\"0\" \/><input type=\"hidden\" name=\"_wpcf7_posted_data_hash\" value=\"\" \/><input type=\"hidden\" name=\"_wpcf7_recaptcha_response\" value=\"\" \/>\n<\/fieldset>\n<p><label> Organisme \/ Soci\u00e9t\u00e9 :<br \/>\n<span class=\"wpcf7-form-control-wrap\" data-name=\"your-society\"><input size=\"40\" maxlength=\"400\" class=\"wpcf7-form-control wpcf7-text wpcf7-validates-as-required\" aria-required=\"true\" aria-invalid=\"false\" value=\"\" type=\"text\" name=\"your-society\" \/><\/span> <\/label>\n<\/p>\n<p><label> Votre nom :<br \/>\n<span class=\"wpcf7-form-control-wrap\" data-name=\"your-name\"><input size=\"40\" maxlength=\"400\" class=\"wpcf7-form-control wpcf7-text wpcf7-validates-as-required\" aria-required=\"true\" aria-invalid=\"false\" value=\"\" type=\"text\" name=\"your-name\" \/><\/span> <\/label>\n<\/p>\n<p><label> Votre pr\u00e9nom :<br \/>\n<span class=\"wpcf7-form-control-wrap\" data-name=\"your-firstName\"><input size=\"40\" maxlength=\"400\" class=\"wpcf7-form-control wpcf7-text wpcf7-validates-as-required\" aria-required=\"true\" aria-invalid=\"false\" value=\"\" type=\"text\" name=\"your-firstName\" \/><\/span> <\/label>\n<\/p>\n<p><label> Adresse :<br \/>\n<span class=\"wpcf7-form-control-wrap\" data-name=\"your-address\"><input size=\"40\" maxlength=\"400\" class=\"wpcf7-form-control wpcf7-text wpcf7-validates-as-required\" aria-required=\"true\" aria-invalid=\"false\" value=\"\" type=\"text\" name=\"your-address\" \/><\/span> <\/label>\n<\/p>\n<p><label> CP :<br \/>\n<span class=\"wpcf7-form-control-wrap\" data-name=\"your-postal-code\"><input size=\"40\" maxlength=\"400\" class=\"wpcf7-form-control wpcf7-text wpcf7-validates-as-required\" aria-required=\"true\" aria-invalid=\"false\" value=\"\" type=\"text\" name=\"your-postal-code\" \/><\/span> <\/label>\n<\/p>\n<p><label> Ville :<br \/>\n<span class=\"wpcf7-form-control-wrap\" data-name=\"your-city\"><input size=\"40\" maxlength=\"400\" class=\"wpcf7-form-control wpcf7-text wpcf7-validates-as-required\" aria-required=\"true\" aria-invalid=\"false\" value=\"\" type=\"text\" name=\"your-city\" \/><\/span> <\/label>\n<\/p>\n<p><label> Pays :<br \/>\n<span class=\"wpcf7-form-control-wrap\" data-name=\"your-country\"><input size=\"40\" maxlength=\"400\" class=\"wpcf7-form-control wpcf7-text wpcf7-validates-as-required\" aria-required=\"true\" aria-invalid=\"false\" value=\"\" type=\"text\" name=\"your-country\" \/><\/span> <\/label>\n<\/p>\n<p><label> Votre num\u00e9ro de t\u00e9l\u00e9phone :<br \/>\n<span class=\"wpcf7-form-control-wrap\" data-name=\"your-phone\"><input size=\"40\" maxlength=\"400\" class=\"wpcf7-form-control wpcf7-text wpcf7-validates-as-required\" aria-required=\"true\" aria-invalid=\"false\" value=\"\" type=\"text\" name=\"your-phone\" \/><\/span> <\/label>\n<\/p>\n<p><label> Votre adresse e-mail :<br \/>\n<span class=\"wpcf7-form-control-wrap\" data-name=\"your-email\"><input size=\"40\" maxlength=\"400\" class=\"wpcf7-form-control wpcf7-email wpcf7-validates-as-required wpcf7-text wpcf7-validates-as-email\" aria-required=\"true\" aria-invalid=\"false\" value=\"\" type=\"email\" name=\"your-email\" \/><\/span> <\/label>\n<\/p>\n<p><label> Date de l&#8217;\u00e9v\u00e8nement :<br \/>\n<span class=\"wpcf7-form-control-wrap\" data-name=\"event-date\"><input size=\"40\" maxlength=\"400\" class=\"wpcf7-form-control wpcf7-text wpcf7-validates-as-required\" aria-required=\"true\" aria-invalid=\"false\" value=\"\" type=\"text\" name=\"event-date\" \/><\/span> <\/label>\n<\/p>\n<p><label> Nombre de personnes :<br \/>\n<span class=\"wpcf7-form-control-wrap\" data-name=\"number-people\"><input size=\"40\" maxlength=\"400\" class=\"wpcf7-form-control wpcf7-text wpcf7-validates-as-required\" aria-required=\"true\" aria-invalid=\"false\" value=\"\" type=\"text\" name=\"number-people\" \/><\/span> <\/label>\n<\/p>\n<p><label> Commentaire<br \/>\n<span class=\"wpcf7-form-control-wrap\" data-name=\"your-message\"><textarea cols=\"40\" rows=\"10\" maxlength=\"2000\" class=\"wpcf7-form-control wpcf7-textarea wpcf7-validates-as-required\" aria-required=\"true\" aria-invalid=\"false\" name=\"your-message\"><\/textarea><\/span> <\/label>\n<\/p>\n<p><label><span class=\"wpcf7-form-control-wrap\" data-name=\"acceptance-269\"><span class=\"wpcf7-form-control wpcf7-acceptance\"><span class=\"wpcf7-list-item\"><label><input type=\"checkbox\" name=\"acceptance-269\" value=\"1\" aria-invalid=\"false\" \/><span class=\"wpcf7-list-item-label\">J&#8217;accepte la <a href=\"\/politique-de-confidentialite\" target=\"_blank\">politique de confidentialit\u00e9<\/a> du site<\/span><\/label><\/span><\/span><\/span><\/label>\n<\/p>\n<p><input class=\"wpcf7-form-control wpcf7-submit has-spinner elementor-button-link elementor-button elementor-size-sm\" type=\"submit\" value=\"Envoyer\" \/>\n<\/p><div class=\"wpcf7-response-output\" aria-hidden=\"true\"><\/div>\n<\/form>\n<\/div>\n<\/p>\n\t\t\t\t\t\t\t\t<\/div>\n\t\t\t\t<\/div>\n\t\t\t\t\t<\/div>\n\t\t<\/div>\n\t\t\t\t\t<\/div>\n\t\t<\/section>\n\t\t\t\t<section class=\"elementor-section elementor-top-section elementor-element elementor-element-ab555c4 elementor-section-boxed elementor-section-height-default elementor-section-height-default\" data-id=\"ab555c4\" data-element_type=\"section\" data-e-type=\"section\">\n\t\t\t\t\t\t<div class=\"elementor-container elementor-column-gap-default\">\n\t\t\t\t\t<div class=\"elementor-column elementor-col-100 elementor-top-column elementor-element elementor-element-3619698\" data-id=\"3619698\" data-element_type=\"column\" data-e-type=\"column\">\n\t\t\t<div class=\"elementor-widget-wrap\">\n\t\t\t\t\t\t\t<\/div>\n\t\t<\/div>\n\t\t\t\t\t<\/div>\n\t\t<\/section>\n\t\t\t\t<section class=\"elementor-section elementor-top-section elementor-element elementor-element-567041c elementor-section-full_width elementor-section-stretched elementor-section-height-default elementor-section-height-default\" data-id=\"567041c\" data-element_type=\"section\" data-e-type=\"section\" data-settings=\"{&quot;stretch_section&quot;:&quot;section-stretched&quot;}\">\n\t\t\t\t\t\t<div class=\"elementor-container elementor-column-gap-default\">\n\t\t\t\t\t<div class=\"elementor-column elementor-col-100 elementor-top-column elementor-element elementor-element-5fa8611\" data-id=\"5fa8611\" data-element_type=\"column\" data-e-type=\"column\">\n\t\t\t<div class=\"elementor-widget-wrap elementor-element-populated\">\n\t\t\t\t\t\t<div class=\"elementor-element elementor-element-90e0e13 elementor-widget elementor-widget-google_maps\" data-id=\"90e0e13\" data-element_type=\"widget\" data-e-type=\"widget\" data-widget_type=\"google_maps.default\">\n\t\t\t\t<div class=\"elementor-widget-container\">\n\t\t\t\t\t\t\t<div class=\"elementor-custom-embed\">\n\t\t\t<iframe loading=\"lazy\"\n\t\t\t\t\tsrc=\"https:\/\/maps.google.com\/maps?q=Ciarus%207%20rue%20Finkmatt%2067000%20Strasbourg&#038;t=m&#038;z=10&#038;output=embed&#038;iwloc=near\"\n\t\t\t\t\ttitle=\"Ciarus 7 rue Finkmatt 67000 Strasbourg\"\n\t\t\t\t\taria-label=\"Ciarus 7 rue Finkmatt 67000 Strasbourg\"\n\t\t\t><\/iframe>\n\t\t<\/div>\n\t\t\t\t\t\t<\/div>\n\t\t\t\t<\/div>\n\t\t\t\t\t<\/div>\n\t\t<\/div>\n\t\t\t\t\t<\/div>\n\t\t<\/section>\n\t\t\t\t<\/div>\n\t\t","protected":false},"excerpt":{"rendered":"<p>Solicita un presupuesto para un evento profesional PROFESIONALES<\/p>\n","protected":false},"author":51,"featured_media":0,"parent":29345,"menu_order":0,"comment_status":"closed","ping_status":"closed","template":"","meta":{"footnotes":""},"class_list":["post-30659","page","type-page","status-publish","hentry"],"yoast_head":"<!-- This site is optimized with the Yoast SEO plugin v27.5 - https:\/\/yoast.com\/product\/yoast-seo-wordpress\/ -->\n<title>Solicitar un presupuesto Eventos de empresa - Ciarus<\/title>\n<meta name=\"description\" content=\"En el centro de Estrasburgo, CIARUS te ofrece espacios privados para tus seminarios y conferencias. Un entorno \u00fanico cerca de la estaci\u00f3n de Estrasburgo y del aeropuerto.\" \/>\n<meta name=\"robots\" content=\"index, follow, max-snippet:-1, max-image-preview:large, max-video-preview:-1\" \/>\n<link rel=\"canonical\" href=\"https:\/\/www.ciarus.com\/es\/seminarios-y-conferencias\/solicitar-un-presupuesto-eventos-de-empresa\/\" \/>\n<meta property=\"og:locale\" content=\"es_ES\" \/>\n<meta property=\"og:type\" content=\"article\" \/>\n<meta property=\"og:title\" content=\"Solicitar un presupuesto Eventos de empresa - Ciarus\" \/>\n<meta property=\"og:description\" content=\"En el centro de Estrasburgo, CIARUS te ofrece espacios privados para tus seminarios y conferencias. Un entorno \u00fanico cerca de la estaci\u00f3n de Estrasburgo y del aeropuerto.\" \/>\n<meta property=\"og:url\" content=\"https:\/\/www.ciarus.com\/es\/seminarios-y-conferencias\/solicitar-un-presupuesto-eventos-de-empresa\/\" \/>\n<meta property=\"og:site_name\" content=\"Ciarus\" \/>\n<meta property=\"article:modified_time\" content=\"2025-03-19T17:28:55+00:00\" \/>\n<meta name=\"twitter:card\" content=\"summary_large_image\" \/>\n<script type=\"application\/ld+json\" class=\"yoast-schema-graph\">{\"@context\":\"https:\\\/\\\/schema.org\",\"@graph\":[{\"@type\":\"WebPage\",\"@id\":\"https:\\\/\\\/www.ciarus.com\\\/es\\\/seminarios-y-conferencias\\\/solicitar-un-presupuesto-eventos-de-empresa\\\/\",\"url\":\"https:\\\/\\\/www.ciarus.com\\\/es\\\/seminarios-y-conferencias\\\/solicitar-un-presupuesto-eventos-de-empresa\\\/\",\"name\":\"Solicitar un presupuesto Eventos de empresa - Ciarus\",\"isPartOf\":{\"@id\":\"https:\\\/\\\/www.ciarus.com\\\/es\\\/#website\"},\"datePublished\":\"2022-10-10T14:24:40+00:00\",\"dateModified\":\"2025-03-19T17:28:55+00:00\",\"description\":\"En el centro de Estrasburgo, CIARUS te ofrece espacios privados para tus seminarios y conferencias. Un entorno \u00fanico cerca de la estaci\u00f3n de Estrasburgo y del aeropuerto.\",\"breadcrumb\":{\"@id\":\"https:\\\/\\\/www.ciarus.com\\\/es\\\/seminarios-y-conferencias\\\/solicitar-un-presupuesto-eventos-de-empresa\\\/#breadcrumb\"},\"inLanguage\":\"es-ES\",\"potentialAction\":[{\"@type\":\"ReadAction\",\"target\":[\"https:\\\/\\\/www.ciarus.com\\\/es\\\/seminarios-y-conferencias\\\/solicitar-un-presupuesto-eventos-de-empresa\\\/\"]}]},{\"@type\":\"BreadcrumbList\",\"@id\":\"https:\\\/\\\/www.ciarus.com\\\/es\\\/seminarios-y-conferencias\\\/solicitar-un-presupuesto-eventos-de-empresa\\\/#breadcrumb\",\"itemListElement\":[{\"@type\":\"ListItem\",\"position\":1,\"name\":\"Accueil\",\"item\":\"https:\\\/\\\/www.ciarus.com\\\/es\\\/\"},{\"@type\":\"ListItem\",\"position\":2,\"name\":\"Seminarios y conferencias\",\"item\":\"https:\\\/\\\/www.ciarus.com\\\/es\\\/seminarios-y-conferencias\\\/\"},{\"@type\":\"ListItem\",\"position\":3,\"name\":\"Solicitar un presupuesto Eventos de empresa\"}]},{\"@type\":\"WebSite\",\"@id\":\"https:\\\/\\\/www.ciarus.com\\\/es\\\/#website\",\"url\":\"https:\\\/\\\/www.ciarus.com\\\/es\\\/\",\"name\":\"Ciarus\",\"description\":\"\",\"publisher\":{\"@id\":\"https:\\\/\\\/www.ciarus.com\\\/es\\\/#organization\"},\"potentialAction\":[{\"@type\":\"SearchAction\",\"target\":{\"@type\":\"EntryPoint\",\"urlTemplate\":\"https:\\\/\\\/www.ciarus.com\\\/es\\\/?s={search_term_string}\"},\"query-input\":{\"@type\":\"PropertyValueSpecification\",\"valueRequired\":true,\"valueName\":\"search_term_string\"}}],\"inLanguage\":\"es-ES\"},{\"@type\":\"Organization\",\"@id\":\"https:\\\/\\\/www.ciarus.com\\\/es\\\/#organization\",\"name\":\"Ciarus\",\"url\":\"https:\\\/\\\/www.ciarus.com\\\/es\\\/\",\"logo\":{\"@type\":\"ImageObject\",\"inLanguage\":\"es-ES\",\"@id\":\"https:\\\/\\\/www.ciarus.com\\\/es\\\/#\\\/schema\\\/logo\\\/image\\\/\",\"url\":\"https:\\\/\\\/medias-wordpress-offload.storage.googleapis.com\\\/ciarus.com\\\/2022\\\/05\\\/07122203\\\/LOGO-CIARUS-HOSTEL-BLANC.png\",\"contentUrl\":\"https:\\\/\\\/medias-wordpress-offload.storage.googleapis.com\\\/ciarus.com\\\/2022\\\/05\\\/07122203\\\/LOGO-CIARUS-HOSTEL-BLANC.png\",\"width\":2560,\"height\":1295,\"caption\":\"Ciarus\"},\"image\":{\"@id\":\"https:\\\/\\\/www.ciarus.com\\\/es\\\/#\\\/schema\\\/logo\\\/image\\\/\"}}]}<\/script>\n<!-- \/ Yoast SEO plugin. -->","yoast_head_json":{"title":"Solicitar un presupuesto Eventos de empresa - Ciarus","description":"En el centro de Estrasburgo, CIARUS te ofrece espacios privados para tus seminarios y conferencias. Un entorno \u00fanico cerca de la estaci\u00f3n de Estrasburgo y del aeropuerto.","robots":{"index":"index","follow":"follow","max-snippet":"max-snippet:-1","max-image-preview":"max-image-preview:large","max-video-preview":"max-video-preview:-1"},"canonical":"https:\/\/www.ciarus.com\/es\/seminarios-y-conferencias\/solicitar-un-presupuesto-eventos-de-empresa\/","og_locale":"es_ES","og_type":"article","og_title":"Solicitar un presupuesto Eventos de empresa - Ciarus","og_description":"En el centro de Estrasburgo, CIARUS te ofrece espacios privados para tus seminarios y conferencias. Un entorno \u00fanico cerca de la estaci\u00f3n de Estrasburgo y del aeropuerto.","og_url":"https:\/\/www.ciarus.com\/es\/seminarios-y-conferencias\/solicitar-un-presupuesto-eventos-de-empresa\/","og_site_name":"Ciarus","article_modified_time":"2025-03-19T17:28:55+00:00","twitter_card":"summary_large_image","schema":{"@context":"https:\/\/schema.org","@graph":[{"@type":"WebPage","@id":"https:\/\/www.ciarus.com\/es\/seminarios-y-conferencias\/solicitar-un-presupuesto-eventos-de-empresa\/","url":"https:\/\/www.ciarus.com\/es\/seminarios-y-conferencias\/solicitar-un-presupuesto-eventos-de-empresa\/","name":"Solicitar un presupuesto Eventos de empresa - Ciarus","isPartOf":{"@id":"https:\/\/www.ciarus.com\/es\/#website"},"datePublished":"2022-10-10T14:24:40+00:00","dateModified":"2025-03-19T17:28:55+00:00","description":"En el centro de Estrasburgo, CIARUS te ofrece espacios privados para tus seminarios y conferencias. Un entorno \u00fanico cerca de la estaci\u00f3n de Estrasburgo y del aeropuerto.","breadcrumb":{"@id":"https:\/\/www.ciarus.com\/es\/seminarios-y-conferencias\/solicitar-un-presupuesto-eventos-de-empresa\/#breadcrumb"},"inLanguage":"es-ES","potentialAction":[{"@type":"ReadAction","target":["https:\/\/www.ciarus.com\/es\/seminarios-y-conferencias\/solicitar-un-presupuesto-eventos-de-empresa\/"]}]},{"@type":"BreadcrumbList","@id":"https:\/\/www.ciarus.com\/es\/seminarios-y-conferencias\/solicitar-un-presupuesto-eventos-de-empresa\/#breadcrumb","itemListElement":[{"@type":"ListItem","position":1,"name":"Accueil","item":"https:\/\/www.ciarus.com\/es\/"},{"@type":"ListItem","position":2,"name":"Seminarios y conferencias","item":"https:\/\/www.ciarus.com\/es\/seminarios-y-conferencias\/"},{"@type":"ListItem","position":3,"name":"Solicitar un presupuesto Eventos de empresa"}]},{"@type":"WebSite","@id":"https:\/\/www.ciarus.com\/es\/#website","url":"https:\/\/www.ciarus.com\/es\/","name":"Ciarus","description":"","publisher":{"@id":"https:\/\/www.ciarus.com\/es\/#organization"},"potentialAction":[{"@type":"SearchAction","target":{"@type":"EntryPoint","urlTemplate":"https:\/\/www.ciarus.com\/es\/?s={search_term_string}"},"query-input":{"@type":"PropertyValueSpecification","valueRequired":true,"valueName":"search_term_string"}}],"inLanguage":"es-ES"},{"@type":"Organization","@id":"https:\/\/www.ciarus.com\/es\/#organization","name":"Ciarus","url":"https:\/\/www.ciarus.com\/es\/","logo":{"@type":"ImageObject","inLanguage":"es-ES","@id":"https:\/\/www.ciarus.com\/es\/#\/schema\/logo\/image\/","url":"https:\/\/medias-wordpress-offload.storage.googleapis.com\/ciarus.com\/2022\/05\/07122203\/LOGO-CIARUS-HOSTEL-BLANC.png","contentUrl":"https:\/\/medias-wordpress-offload.storage.googleapis.com\/ciarus.com\/2022\/05\/07122203\/LOGO-CIARUS-HOSTEL-BLANC.png","width":2560,"height":1295,"caption":"Ciarus"},"image":{"@id":"https:\/\/www.ciarus.com\/es\/#\/schema\/logo\/image\/"}}]}},"_links":{"self":[{"href":"https:\/\/www.ciarus.com\/es\/wp-json\/wp\/v2\/pages\/30659","targetHints":{"allow":["GET"]}}],"collection":[{"href":"https:\/\/www.ciarus.com\/es\/wp-json\/wp\/v2\/pages"}],"about":[{"href":"https:\/\/www.ciarus.com\/es\/wp-json\/wp\/v2\/types\/page"}],"author":[{"embeddable":true,"href":"https:\/\/www.ciarus.com\/es\/wp-json\/wp\/v2\/users\/51"}],"replies":[{"embeddable":true,"href":"https:\/\/www.ciarus.com\/es\/wp-json\/wp\/v2\/comments?post=30659"}],"version-history":[{"count":5,"href":"https:\/\/www.ciarus.com\/es\/wp-json\/wp\/v2\/pages\/30659\/revisions"}],"predecessor-version":[{"id":30981,"href":"https:\/\/www.ciarus.com\/es\/wp-json\/wp\/v2\/pages\/30659\/revisions\/30981"}],"up":[{"embeddable":true,"href":"https:\/\/www.ciarus.com\/es\/wp-json\/wp\/v2\/pages\/29345"}],"wp:attachment":[{"href":"https:\/\/www.ciarus.com\/es\/wp-json\/wp\/v2\/media?parent=30659"}],"curies":[{"name":"wp","href":"https:\/\/api.w.org\/{rel}","templated":true}]}}